{"id":2564,"date":"2026-03-31T22:08:19","date_gmt":"2026-03-31T20:08:19","guid":{"rendered":"https:\/\/strechabudejc.cz\/?post_type=product&#038;p=2564"},"modified":"2026-03-31T22:11:51","modified_gmt":"2026-03-31T20:11:51","slug":"rooftop-wedding-ceremony","status":"publish","type":"product","link":"https:\/\/strechabudejc.cz\/zh\/p\/rooftop-wedding-ceremony\/","title":{"rendered":"Rooftop Wedding Ceremony"},"content":{"rendered":"<p>\u0158ekn\u011bte si sv\u00e9 \u201eano\u201c vysoko nad bud\u011bjovick\u00fdm n\u00e1m\u011bst\u00edm.<\/p>\n<p>St\u0159echa Bud\u011bjc nab\u00edz\u00ed jedine\u010dn\u00e9 m\u00edsto pro komorn\u00ed svatebn\u00ed ob\u0159ad s v\u00fdhledem na historick\u00e9 centrum m\u011bsta. Romantick\u00e1 atmosf\u00e9ra, otev\u0159en\u00e9 nebe nad hlavou a okam\u017eik, na kter\u00fd budete vzpom\u00ednat cel\u00fd \u017eivot.<\/p>\n<p>Maxim\u00e1ln\u00ed po\u010det = 30 osob (na st\u00e1n\u00ed).<\/p>\n<p><b>Svatebn\u00ed ob\u0159ad zahrnuje:<\/b><\/p>\n<ul>\n<li>exkluzivn\u00ed rezervaci st\u0159e\u0161n\u00edho prostoru<\/li>\n<li>slavnostn\u011b p\u0159ipraven\u00e9 m\u00edsto pro ob\u0159ad<\/li>\n<li>dekoraci (sv\u00ed\u010dky, sv\u011bt\u00fdlka, kv\u011btiny)<\/li>\n<li>sezen\u00ed pro hosty<\/li>\n<li>slavnostn\u00ed p\u0159\u00edpitek proseccem<\/li>\n<\/ul>\n<p>Ide\u00e1ln\u00ed pro <b>komorn\u00ed svatby a civiln\u00ed ob\u0159ady v jedine\u010dn\u00e9 atmosf\u00e9\u0159e<\/b>.<\/p>\n<p><b>Nen\u00ed v cen\u011b, ale lze zajistit:<\/b><\/p>\n<ul>\n<li>fotograf<\/li>\n<li>kameraman<\/li>\n<li>dronov\u00e9 z\u00e1b\u011bry<\/li>\n<li>\u017eiv\u00e1 hudba<\/li>\n<li>kv\u011btinov\u00e1 v\u00fdzdoba<\/li>\n<li>svatebn\u00ed hostina na st\u0159e\u0161e<\/li>\n<li>pokra\u010dov\u00e1n\u00ed oslavy ve Skybaru<\/li>\n<\/ul>\n<p><b>Cena: 19900 K\u010d<\/b><\/p>","protected":false},"excerpt":{"rendered":"<p><b>\u201eNejmen\u0161\u00ed svatba s nejkr\u00e1sn\u011bj\u0161\u00edm v\u00fdhledem ve m\u011bst\u011b.\u201c<\/b><\/p>","protected":false},"featured_media":2142,"comment_status":"closed","ping_status":"closed","template":"","meta":{"_acf_changed":false},"product_brand":[],"product_cat":[21],"product_tag":[],"class_list":{"0":"post-2564","1":"product","2":"type-product","3":"status-publish","4":"has-post-thumbnail","6":"product_cat-pronajem","8":"first","9":"instock","10":"virtual","11":"product-type-simple"},"booking_location":null,"booking_location_type":null,"booking_duration":null,"booking_duration_unit":null,"booking_buffer":null,"booking_cost":null,"booking_resources":null,"exclude_global_add_ons":[],"addons":[],"acf":[],"_links":{"self":[{"href":"https:\/\/strechabudejc.cz\/zh\/wp-json\/wp\/v2\/product\/2564","targetHints":{"allow":["GET"]}}],"collection":[{"href":"https:\/\/strechabudejc.cz\/zh\/wp-json\/wp\/v2\/product"}],"about":[{"href":"https:\/\/strechabudejc.cz\/zh\/wp-json\/wp\/v2\/types\/product"}],"replies":[{"embeddable":true,"href":"https:\/\/strechabudejc.cz\/zh\/wp-json\/wp\/v2\/comments?post=2564"}],"wp:featuredmedia":[{"embeddable":true,"href":"https:\/\/strechabudejc.cz\/zh\/wp-json\/wp\/v2\/media\/2142"}],"wp:attachment":[{"href":"https:\/\/strechabudejc.cz\/zh\/wp-json\/wp\/v2\/media?parent=2564"}],"wp:term":[{"taxonomy":"product_brand","embeddable":true,"href":"https:\/\/strechabudejc.cz\/zh\/wp-json\/wp\/v2\/product_brand?post=2564"},{"taxonomy":"product_cat","embeddable":true,"href":"https:\/\/strechabudejc.cz\/zh\/wp-json\/wp\/v2\/product_cat?post=2564"},{"taxonomy":"product_tag","embeddable":true,"href":"https:\/\/strechabudejc.cz\/zh\/wp-json\/wp\/v2\/product_tag?post=2564"}],"curies":[{"name":"wp","href":"https:\/\/api.w.org\/{rel}","templated":true}]}}