{"id":2505,"date":"2026-03-19T22:41:58","date_gmt":"2026-03-19T21:41:58","guid":{"rendered":"https:\/\/strechabudejc.cz\/?post_type=product&#038;p=2505"},"modified":"2026-03-31T22:13:10","modified_gmt":"2026-03-31T20:13:10","slug":"pronajem-male-terasy-strechy-budejc","status":"publish","type":"product","link":"https:\/\/strechabudejc.cz\/zh\/p\/pronajem-male-terasy-strechy-budejc\/","title":{"rendered":"Pron\u00e1jem mal\u00e9 terasy St\u0159echy Bud\u011bjc"},"content":{"rendered":"<p><strong>Pron\u00e1jem zahrnuje:<\/strong><\/p>\n<ul>\n<li>exkluzivn\u00ed rezervaci st\u0159e\u0161n\u00edho prostoru<\/li>\n<li>v\u00fdhled na bud\u011bjovick\u00e9 n\u00e1m\u011bst\u00ed<\/li>\n<li>sezen\u00ed a z\u00e1kladn\u00ed vybaven\u00ed prostoru<\/li>\n<li>mo\u017enost pustit vlastn\u00ed hudbu z bluetooth reproduktoru<\/li>\n<\/ul>\n<p>Catering, n\u00e1poje a dekorace lze objednat samostatn\u011b.<\/p>","protected":false},"excerpt":{"rendered":"<p>Pronajm\u011bte si St\u0159echu Bud\u011bjc jen pro sebe a vytvo\u0159te si vlastn\u00ed program.Ide\u00e1ln\u00ed pro oslavy, focen\u00ed, setk\u00e1n\u00ed s p\u0159\u00e1teli nebo men\u0161\u00ed firemn\u00ed akce.<\/p>\n<p><strong>Pron\u00e1jem od 9900,- K\u010d<\/strong><\/p>","protected":false},"featured_media":491,"comment_status":"closed","ping_status":"closed","template":"","meta":{"_acf_changed":false},"product_brand":[],"product_cat":[21],"product_tag":[],"class_list":{"0":"post-2505","1":"product","2":"type-product","3":"status-publish","4":"has-post-thumbnail","6":"product_cat-pronajem","8":"first","9":"instock","10":"virtual","11":"product-type-simple"},"booking_location":null,"booking_location_type":null,"booking_duration":null,"booking_duration_unit":null,"booking_buffer":null,"booking_cost":null,"booking_resources":null,"exclude_global_add_ons":[],"addons":[],"acf":[],"_links":{"self":[{"href":"https:\/\/strechabudejc.cz\/zh\/wp-json\/wp\/v2\/product\/2505","targetHints":{"allow":["GET"]}}],"collection":[{"href":"https:\/\/strechabudejc.cz\/zh\/wp-json\/wp\/v2\/product"}],"about":[{"href":"https:\/\/strechabudejc.cz\/zh\/wp-json\/wp\/v2\/types\/product"}],"replies":[{"embeddable":true,"href":"https:\/\/strechabudejc.cz\/zh\/wp-json\/wp\/v2\/comments?post=2505"}],"wp:featuredmedia":[{"embeddable":true,"href":"https:\/\/strechabudejc.cz\/zh\/wp-json\/wp\/v2\/media\/491"}],"wp:attachment":[{"href":"https:\/\/strechabudejc.cz\/zh\/wp-json\/wp\/v2\/media?parent=2505"}],"wp:term":[{"taxonomy":"product_brand","embeddable":true,"href":"https:\/\/strechabudejc.cz\/zh\/wp-json\/wp\/v2\/product_brand?post=2505"},{"taxonomy":"product_cat","embeddable":true,"href":"https:\/\/strechabudejc.cz\/zh\/wp-json\/wp\/v2\/product_cat?post=2505"},{"taxonomy":"product_tag","embeddable":true,"href":"https:\/\/strechabudejc.cz\/zh\/wp-json\/wp\/v2\/product_tag?post=2505"}],"curies":[{"name":"wp","href":"https:\/\/api.w.org\/{rel}","templated":true}]}}