{"id":2499,"date":"2026-03-19T22:29:14","date_gmt":"2026-03-19T21:29:14","guid":{"rendered":"https:\/\/strechabudejc.cz\/?post_type=product&#038;p=2499"},"modified":"2026-03-20T12:12:56","modified_gmt":"2026-03-20T11:12:56","slug":"the-moment","status":"publish","type":"product","link":"https:\/\/strechabudejc.cz\/zh\/p\/the-moment\/","title":{"rendered":"THE MOMENT"},"content":{"rendered":"<p>V\u00fdjime\u010dn\u00fd ve\u010der na st\u0159e\u0161e pro chv\u00edle, kter\u00e9 maj\u00ed b\u00fdt opravdu nezapomenuteln\u00e9.<\/p>\n<p><strong>THE MOMENT zahrnuje:<\/strong><\/p>\n<ul>\n<li>Soukromou rezervaci rooftop m\u00edsta<\/li>\n<li>Luxusn\u011bj\u0161\u00ed romantickou dekoraci se sv\u00ed\u010dkami a kv\u011btinami<\/li>\n<li>L\u00e1hev prav\u00e9ho champagne<\/li>\n<\/ul>\n<p><strong>Rooftop dinner pro dva<\/strong><\/p>\n<ul>\n<li>hlavn\u00ed chod podle v\u00fdb\u011bru<\/li>\n<\/ul>\n<p><strong>Delikatesn\u00ed tal\u00ed\u0159<\/strong><\/p>\n<ul>\n<li>prosciutto<\/li>\n<li>v\u00fdb\u011br kvalitn\u00edch s\u00fdr\u016f<\/li>\n<li>olivy<\/li>\n<li>o\u0159\u00ed\u0161ky<\/li>\n<li>\u010derstv\u00e9 ovoce<\/li>\n<\/ul>\n<p><strong>\u751c\u70b9<\/strong><\/p>\n<ul>\n<li>luxusn\u00ed dezert<\/li>\n<\/ul>\n<p>Ide\u00e1ln\u00ed pro v\u00fdro\u010d\u00ed, oslavy nebo v\u00fdjime\u010dn\u00e9 ve\u010dery.<\/p>","protected":false},"excerpt":{"rendered":"<p>Ide\u00e1ln\u00ed pro v\u00fdro\u010d\u00ed, oslavy nebo v\u00fdjime\u010dn\u00e9 ve\u010dery. 3 hodin na terase.<\/p>\n<p>Cena bal\u00ed\u010dku plat\u00ed pro 2 osoby. Dal\u0161\u00ed osoba je za p\u0159\u00edplatek 4400 K\u010d a m\u016f\u017eete ji p\u0159idat ve formul\u00e1\u0159i n\u00ed\u017ee.<\/p>","protected":false},"featured_media":1743,"comment_status":"closed","ping_status":"closed","template":"","meta":{"_acf_changed":false},"product_brand":[],"product_cat":[17],"product_tag":[],"class_list":{"0":"post-2499","1":"product","2":"type-product","3":"status-publish","4":"has-post-thumbnail","6":"product_cat-rezervace","8":"first","9":"instock","10":"featured","11":"virtual","12":"sold-individually","13":"purchasable","14":"product-type-booking"},"booking_location":"","booking_location_type":"","booking_duration":3,"booking_duration_unit":"hour","booking_buffer":0,"booking_cost":1100,"booking_resources":[828],"exclude_global_add_ons":false,"addons":[{"name":"Chcete darovat z\u00e1\u017eitek?","type":"checkbox","position":6,"required":false,"title_format":"heading","default":"","description_enable":false,"description":"Chcete darovat z\u00e1\u017eitek?","placeholder_enable":false,"placeholder":"","display":"select","restrictions_type":"any_text","adjust_price":false,"price":"","price_type":"flat_fee","restrictions":false,"min":"0","max":"0","options":[{"label":"Objedn\u00e1v\u00e1m jako d\u00e1rek a chci zaslat d\u00e1rkov\u00fd poukaz","price":"","price_type":"flat_fee","image":0,"visibility":true}],"id":1773926785}],"acf":[],"_links":{"self":[{"href":"https:\/\/strechabudejc.cz\/zh\/wp-json\/wp\/v2\/product\/2499","targetHints":{"allow":["GET"]}}],"collection":[{"href":"https:\/\/strechabudejc.cz\/zh\/wp-json\/wp\/v2\/product"}],"about":[{"href":"https:\/\/strechabudejc.cz\/zh\/wp-json\/wp\/v2\/types\/product"}],"replies":[{"embeddable":true,"href":"https:\/\/strechabudejc.cz\/zh\/wp-json\/wp\/v2\/comments?post=2499"}],"wp:featuredmedia":[{"embeddable":true,"href":"https:\/\/strechabudejc.cz\/zh\/wp-json\/wp\/v2\/media\/1743"}],"wp:attachment":[{"href":"https:\/\/strechabudejc.cz\/zh\/wp-json\/wp\/v2\/media?parent=2499"}],"wp:term":[{"taxonomy":"product_brand","embeddable":true,"href":"https:\/\/strechabudejc.cz\/zh\/wp-json\/wp\/v2\/product_brand?post=2499"},{"taxonomy":"product_cat","embeddable":true,"href":"https:\/\/strechabudejc.cz\/zh\/wp-json\/wp\/v2\/product_cat?post=2499"},{"taxonomy":"product_tag","embeddable":true,"href":"https:\/\/strechabudejc.cz\/zh\/wp-json\/wp\/v2\/product_tag?post=2499"}],"curies":[{"name":"wp","href":"https:\/\/api.w.org\/{rel}","templated":true}]}}