{"id":2493,"date":"2026-03-19T22:17:08","date_gmt":"2026-03-19T21:17:08","guid":{"rendered":"https:\/\/strechabudejc.cz\/?post_type=product&#038;p=2493"},"modified":"2026-03-20T00:45:34","modified_gmt":"2026-03-19T23:45:34","slug":"rooftop-lunch","status":"publish","type":"product","link":"https:\/\/strechabudejc.cz\/zh\/p\/rooftop-lunch\/","title":{"rendered":"Rooftop Lunch"},"content":{"rendered":"<p>Ob\u011bd na st\u0159e\u0161e s v\u00fdhledem na bud\u011bjovick\u00e9 n\u00e1m\u011bst\u00ed.<\/p>\n<p>Vyberte si j\u00eddlo z jak\u00e9koli restaurace v centru m\u011bsta a my v\u00e1m ho p\u0159iprav\u00edme a stylov\u011b naserv\u00edrujeme na St\u0159e\u0161e Bud\u011bjc.<\/p>\n<p><strong>Rooftop Lunch zahrnuje:<\/strong><\/p>\n<ul>\n<li>Soukromou rezervaci rooftop m\u00edsta na 1 hodinu<\/li>\n<li>Stylov\u011b p\u0159ipraven\u00fd st\u016fl s v\u00fdhledem na n\u00e1m\u011bst\u00ed<\/li>\n<li>Serv\u00edrov\u00e1n\u00ed va\u0161eho objednan\u00e9ho j\u00eddla<\/li>\n<\/ul>\n<p><strong>N\u00e1poj v cen\u011b:<\/strong><\/p>\n<ul>\n<li>voda<\/li>\n<li>nebo sklenka prosecca<\/li>\n<li>nebo nealkoholick\u00fd n\u00e1poj<\/li>\n<\/ul>\n<p>J\u00eddlo z restaurace nen\u00ed zahrnuto v cen\u011b a hrad\u00ed se zvl\u00e1\u0161\u0165 podle va\u0161eho v\u00fdb\u011bru.<\/p>\n<p>Perfektn\u00ed jako netradi\u010dn\u00ed pracovn\u00ed ob\u011bd, romantick\u00e9 setk\u00e1n\u00ed nebo p\u0159\u00edjemn\u00e1 pauza uprost\u0159ed dne.<\/p>","protected":false},"excerpt":{"rendered":"<p>Perfektn\u00ed jako netradi\u010dn\u00ed pracovn\u00ed ob\u011bd, romantick\u00e9 setk\u00e1n\u00ed nebo p\u0159\u00edjemn\u00e1 pauza uprost\u0159ed dne.<\/p>\n<p>Cena bal\u00ed\u010dku plat\u00ed pro 2 osoby. Dal\u0161\u00ed osoba je za p\u0159\u00edplatek 900 K\u010d a m\u016f\u017eete ji p\u0159idat ve formul\u00e1\u0159i n\u00ed\u017ee.<\/p>","protected":false},"featured_media":2016,"comment_status":"closed","ping_status":"closed","template":"","meta":{"_acf_changed":false},"product_brand":[],"product_cat":[17],"product_tag":[],"class_list":{"0":"post-2493","1":"product","2":"type-product","3":"status-publish","4":"has-post-thumbnail","6":"product_cat-rezervace","8":"first","9":"instock","10":"virtual","11":"sold-individually","12":"purchasable","13":"product-type-booking"},"booking_location":"","booking_location_type":"","booking_duration":60,"booking_duration_unit":"minute","booking_buffer":0,"booking_cost":100,"booking_resources":[828],"exclude_global_add_ons":false,"addons":[{"name":"Chcete darovat z\u00e1\u017eitek?","type":"checkbox","position":6,"required":false,"title_format":"heading","default":"","description_enable":false,"description":"Chcete darovat z\u00e1\u017eitek?","placeholder_enable":false,"placeholder":"","display":"select","restrictions_type":"any_text","adjust_price":false,"price":"","price_type":"flat_fee","restrictions":false,"min":"0","max":"0","options":[{"label":"Objedn\u00e1v\u00e1m jako d\u00e1rek a chci zaslat d\u00e1rkov\u00fd poukaz","price":"","price_type":"flat_fee","image":0,"visibility":true}],"id":1773926785}],"acf":[],"_links":{"self":[{"href":"https:\/\/strechabudejc.cz\/zh\/wp-json\/wp\/v2\/product\/2493","targetHints":{"allow":["GET"]}}],"collection":[{"href":"https:\/\/strechabudejc.cz\/zh\/wp-json\/wp\/v2\/product"}],"about":[{"href":"https:\/\/strechabudejc.cz\/zh\/wp-json\/wp\/v2\/types\/product"}],"replies":[{"embeddable":true,"href":"https:\/\/strechabudejc.cz\/zh\/wp-json\/wp\/v2\/comments?post=2493"}],"wp:featuredmedia":[{"embeddable":true,"href":"https:\/\/strechabudejc.cz\/zh\/wp-json\/wp\/v2\/media\/2016"}],"wp:attachment":[{"href":"https:\/\/strechabudejc.cz\/zh\/wp-json\/wp\/v2\/media?parent=2493"}],"wp:term":[{"taxonomy":"product_brand","embeddable":true,"href":"https:\/\/strechabudejc.cz\/zh\/wp-json\/wp\/v2\/product_brand?post=2493"},{"taxonomy":"product_cat","embeddable":true,"href":"https:\/\/strechabudejc.cz\/zh\/wp-json\/wp\/v2\/product_cat?post=2493"},{"taxonomy":"product_tag","embeddable":true,"href":"https:\/\/strechabudejc.cz\/zh\/wp-json\/wp\/v2\/product_tag?post=2493"}],"curies":[{"name":"wp","href":"https:\/\/api.w.org\/{rel}","templated":true}]}}