{"id":2480,"date":"2026-03-19T13:07:26","date_gmt":"2026-03-19T12:07:26","guid":{"rendered":"https:\/\/strechabudejc.cz\/?post_type=product&#038;p=2480"},"modified":"2026-03-20T12:09:59","modified_gmt":"2026-03-20T11:09:59","slug":"rooftop-brunch","status":"publish","type":"product","link":"https:\/\/strechabudejc.cz\/zh\/p\/rooftop-brunch\/","title":{"rendered":"Rooftop Brunch"},"content":{"rendered":"<p>Za\u010dn\u011bte den v\u00fdjime\u010dn\u011b \u2013 brunch na st\u0159e\u0161e s v\u00fdhledem na bud\u011bjovick\u00e9 n\u00e1m\u011bst\u00ed.<\/p>\n<p>Pomal\u00e9 r\u00e1no nad m\u011bstem, dobr\u00e9 j\u00eddlo a chv\u00edle, kdy nikam nesp\u011bch\u00e1te.<\/p>\n<p><strong>Rooftop Brunch zahrnuje:<\/strong><\/p>\n<ul>\n<li>Soukromou rezervaci rooftop m\u00edsta na 2 hodiny<\/li>\n<li>Brunch tal\u00ed\u0159 pro dva (\u010derstv\u00e9 pe\u010divo, v\u00fdb\u011br s\u00fdr\u016f a \u0161unky, ovoce a sladk\u00e1 sn\u00edda\u0148ov\u00e1 dobrota)<\/li>\n<li>K\u00e1vu nebo \u010daj<\/li>\n<li>D\u017eus nebo fresh<\/li>\n<li>Stylov\u00e9 prost\u0159en\u00ed a kv\u011btinu na stole<\/li>\n<\/ul>","protected":false},"excerpt":{"rendered":"<p>Ide\u00e1ln\u00ed pro pohodov\u00e9 setk\u00e1n\u00ed ve dvou, romantick\u00e9 p\u0159ekvapen\u00ed nebo chv\u00edli, kdy si chcete u\u017e\u00edt brunch na m\u00edst\u011b, kde m\u00e1te cel\u00e9 m\u011bsto pod sebou.<\/p>\n<p>Cena bal\u00ed\u010dku plat\u00ed pro 2 osoby. Dal\u0161\u00ed osoba je za p\u0159\u00edplatek 900 K\u010d a m\u016f\u017eete ji p\u0159idat ve formul\u00e1\u0159i n\u00ed\u017ee.<\/p>","protected":false},"featured_media":2271,"comment_status":"closed","ping_status":"closed","template":"","meta":{"_acf_changed":false},"product_brand":[],"product_cat":[17],"product_tag":[],"class_list":{"0":"post-2480","1":"product","2":"type-product","3":"status-publish","4":"has-post-thumbnail","6":"product_cat-rezervace","8":"first","9":"instock","10":"virtual","11":"sold-individually","12":"purchasable","13":"product-type-booking"},"booking_location":"","booking_location_type":"","booking_duration":2,"booking_duration_unit":"hour","booking_buffer":0,"booking_cost":1100,"booking_resources":[828],"exclude_global_add_ons":false,"addons":[{"name":"Chcete darovat z\u00e1\u017eitek?","type":"checkbox","position":6,"required":false,"title_format":"heading","default":"","description_enable":false,"description":"Chcete darovat z\u00e1\u017eitek?","placeholder_enable":false,"placeholder":"","display":"select","restrictions_type":"any_text","adjust_price":false,"price":"","price_type":"flat_fee","restrictions":false,"min":"0","max":"0","options":[{"label":"Objedn\u00e1v\u00e1m jako d\u00e1rek a chci zaslat d\u00e1rkov\u00fd poukaz","price":"","price_type":"flat_fee","image":0,"visibility":true}],"id":1773926785}],"acf":[],"_links":{"self":[{"href":"https:\/\/strechabudejc.cz\/zh\/wp-json\/wp\/v2\/product\/2480","targetHints":{"allow":["GET"]}}],"collection":[{"href":"https:\/\/strechabudejc.cz\/zh\/wp-json\/wp\/v2\/product"}],"about":[{"href":"https:\/\/strechabudejc.cz\/zh\/wp-json\/wp\/v2\/types\/product"}],"replies":[{"embeddable":true,"href":"https:\/\/strechabudejc.cz\/zh\/wp-json\/wp\/v2\/comments?post=2480"}],"wp:featuredmedia":[{"embeddable":true,"href":"https:\/\/strechabudejc.cz\/zh\/wp-json\/wp\/v2\/media\/2271"}],"wp:attachment":[{"href":"https:\/\/strechabudejc.cz\/zh\/wp-json\/wp\/v2\/media?parent=2480"}],"wp:term":[{"taxonomy":"product_brand","embeddable":true,"href":"https:\/\/strechabudejc.cz\/zh\/wp-json\/wp\/v2\/product_brand?post=2480"},{"taxonomy":"product_cat","embeddable":true,"href":"https:\/\/strechabudejc.cz\/zh\/wp-json\/wp\/v2\/product_cat?post=2480"},{"taxonomy":"product_tag","embeddable":true,"href":"https:\/\/strechabudejc.cz\/zh\/wp-json\/wp\/v2\/product_tag?post=2480"}],"curies":[{"name":"wp","href":"https:\/\/api.w.org\/{rel}","templated":true}]}}