{"id":3,"date":"2023-11-09T21:08:36","date_gmt":"2023-11-09T21:08:36","guid":{"rendered":"https:\/\/strechabudejc.cz\/?page_id=3"},"modified":"2023-11-29T13:22:25","modified_gmt":"2023-11-29T12:22:25","slug":"\u4fdd\u62a4\u9690\u79c1","status":"publish","type":"page","link":"https:\/\/strechabudejc.cz\/zh\/\u4fdd\u62a4\u9690\u79c1\/","title":{"rendered":"\u9690\u79c1\u653f\u7b56"},"content":{"rendered":"<h3>\u9690\u79c1\u653f\u7b56<\/h3>\n<p>Roof of Budejc \u975e\u5e38\u91cd\u89c6\u60a8\u7684\u9690\u79c1\uff0c\u5e76\u627f\u8bfa\u4fdd\u62a4\u60a8\u5728\u4f7f\u7528\u6211\u4eec\u7684\u7f51\u7ad9\u548c\u670d\u52a1\u65f6\u59d4\u6258\u7ed9\u6211\u4eec\u7684\u4e2a\u4eba\u4fe1\u606f\u3002<\/p>\n<h4>\u4e2a\u4eba\u4fe1\u606f\u7684\u6536\u96c6\u548c\u4f7f\u7528<\/h4>\n<ul>\n<li><strong>\u6211\u4eec\u6536\u96c6\u54ea\u4e9b\u6570\u636e\uff1a<\/strong> \u5728\u6211\u4eec\u7684\u7f51\u7ad9\u4e0a\u8ba2\u8d2d\u6216\u6ce8\u518c\u65f6\uff0c\u53ef\u80fd\u4f1a\u8981\u6c42\u60a8\u8f93\u5165\u60a8\u7684\u59d3\u540d\u3001\u7535\u5b50\u90ae\u4ef6\u5730\u5740\u3001\u90ae\u5bc4\u5730\u5740\u6216\u7535\u8bdd\u53f7\u7801\u3002<\/li>\n<li><strong>\u6536\u96c6\u6570\u636e\u7684\u76ee\u7684\uff1a<\/strong> \u6211\u4eec\u4f7f\u7528\u60a8\u7684\u6570\u636e\u6765\u5904\u7406\u4ea4\u6613\u3001\u4e2a\u6027\u5316\u60a8\u7684\u4f53\u9a8c\u5e76\u6539\u8fdb\u5ba2\u6237\u652f\u6301\u3002<\/li>\n<\/ul>\n<h4>\u4fdd\u62a4\u60a8\u7684\u4fe1\u606f<\/h4>\n<ul>\n<li>\u6211\u4eec\u91c7\u53d6\u5404\u79cd\u5b89\u5168\u63aa\u65bd\u6765\u7ef4\u62a4\u60a8\u4e2a\u4eba\u4fe1\u606f\u7684\u5b89\u5168\u3002<\/li>\n<li>\u60a8\u7684\u4e2a\u4eba\u4fe1\u606f\u4e0d\u4f1a\u51fa\u552e\u3001\u4ea4\u6613\u6216\u4ee5\u5176\u4ed6\u65b9\u5f0f\u8f6c\u8ba9\u7ed9\u7b2c\u4e09\u65b9\u3002\u8fd9\u4e0d\u5305\u62ec\u534f\u52a9\u6211\u4eec\u8fd0\u8425\u7f51\u7ad9\u3001\u5f00\u5c55\u4e1a\u52a1\u6216\u4e3a\u60a8\u670d\u52a1\u7684\u53ef\u4fe1\u7b2c\u4e09\u65b9\uff0c\u53ea\u8981\u8fd9\u4e9b\u7b2c\u4e09\u65b9\u540c\u610f\u5bf9\u8fd9\u4e9b\u4fe1\u606f\u4fdd\u5bc6\u3002<\/li>\n<\/ul>\n<h4>\u66f2\u5947<\/h4>\n<ul>\n<li>\u6211\u4eec\u7684\u7f51\u7ad9\u4f7f\u7528 \"cookies \"\u6765\u6539\u8fdb\u7f51\u7ad9\u8bbf\u95ee\u5e76\u8bc6\u522b\u91cd\u590d\u8bbf\u95ee\u8005\u3002\u6b64\u5916\uff0c\u6211\u4eec\u7684 \"cookies \"\u8fd8\u901a\u8fc7\u8ddf\u8e2a\u548c\u5b9a\u4f4d\u7528\u6237\u53ca\u5176\u5174\u8da3\u6765\u6539\u5584\u7528\u6237\u4f53\u9a8c\u3002<\/li>\n<\/ul>\n<h4>\u540c\u610f\u4e66<\/h4>\n<ul>\n<li>\u4f7f\u7528\u6211\u4eec\u7684\u7f51\u7ad9\u5373\u8868\u793a\u60a8\u540c\u610f\u6211\u4eec\u7684\u9690\u79c1\u653f\u7b56\u3002<\/li>\n<\/ul>\n<h4>\u9690\u79c1\u653f\u7b56\u53d8\u66f4<\/h4>\n<ul>\n<li>\u5982\u679c\u6211\u4eec\u51b3\u5b9a\u66f4\u6539\u9690\u79c1\u653f\u7b56\uff0c\u6211\u4eec\u5c06\u5728\u672c\u9875\u9762\u4e0a\u516c\u5e03\u66f4\u6539\u5185\u5bb9\u3002<\/li>\n<\/ul>\n<p>\u5982\u5bf9\u9690\u79c1\u6709\u4efb\u4f55\u95ee\u9898\u6216\u7591\u8651\uff0c\u8bf7\u968f\u65f6\u901a\u8fc7 simecek@strechabudejc.cz \u4e0e\u6211\u4eec\u8054\u7cfb\u3002<\/p>","protected":false},"excerpt":{"rendered":"<p>Ochrana soukrom\u00ed Na St\u0159e\u0161e Bud\u011bjc si v\u00e1\u017e\u00edme va\u0161eho soukrom\u00ed a zavazujeme se chr\u00e1nit osobn\u00ed \u00fadaje, kter\u00e9 n\u00e1m sv\u011b\u0159ujete p\u0159i pou\u017e\u00edv\u00e1n\u00ed na\u0161eho webu a slu\u017eeb. Shroma\u017e\u010fov\u00e1n\u00ed a Pou\u017e\u00edv\u00e1n\u00ed Osobn\u00edch \u00dadaj\u016f Jak\u00e9 \u00fadaje shroma\u017e\u010fujeme: P\u0159i objedn\u00e1vce nebo registraci na na\u0161em webu m\u016f\u017eete b\u00fdt po\u017e\u00e1d\u00e1ni o zad\u00e1n\u00ed jm\u00e9na, e-mailov\u00e9 adresy, po\u0161tovn\u00ed adresy nebo telefonn\u00edho \u010d\u00edsla. \u00da\u010del shroma\u017e\u010fov\u00e1n\u00ed \u00fadaj\u016f: [&hellip;]<\/p>\n","protected":false},"author":1,"featured_media":0,"parent":0,"menu_order":0,"comment_status":"closed","ping_status":"open","template":"","meta":{"_acf_changed":false,"footnotes":""},"class_list":["post-3","page","type-page","status-publish","hentry"],"acf":[],"_links":{"self":[{"href":"https:\/\/strechabudejc.cz\/zh\/wp-json\/wp\/v2\/pages\/3","targetHints":{"allow":["GET"]}}],"collection":[{"href":"https:\/\/strechabudejc.cz\/zh\/wp-json\/wp\/v2\/pages"}],"about":[{"href":"https:\/\/strechabudejc.cz\/zh\/wp-json\/wp\/v2\/types\/page"}],"author":[{"embeddable":true,"href":"https:\/\/strechabudejc.cz\/zh\/wp-json\/wp\/v2\/users\/1"}],"replies":[{"embeddable":true,"href":"https:\/\/strechabudejc.cz\/zh\/wp-json\/wp\/v2\/comments?post=3"}],"version-history":[{"count":4,"href":"https:\/\/strechabudejc.cz\/zh\/wp-json\/wp\/v2\/pages\/3\/revisions"}],"predecessor-version":[{"id":724,"href":"https:\/\/strechabudejc.cz\/zh\/wp-json\/wp\/v2\/pages\/3\/revisions\/724"}],"wp:attachment":[{"href":"https:\/\/strechabudejc.cz\/zh\/wp-json\/wp\/v2\/media?parent=3"}],"curies":[{"name":"wp","href":"https:\/\/api.w.org\/{rel}","templated":true}]}}