{"id":17,"date":"2023-11-29T10:18:15","date_gmt":"2023-11-29T09:18:15","guid":{"rendered":"https:\/\/strechabudejc.cz\/?page_id=17"},"modified":"2023-11-29T13:07:09","modified_gmt":"2023-11-29T12:07:09","slug":"\u6295\u8bc9","status":"publish","type":"page","link":"https:\/\/strechabudejc.cz\/zh\/\u6295\u8bc9\/","title":{"rendered":"\u6295\u8bc9\u548c\u9000\u8d27"},"content":{"rendered":"<p>\u6211\u4eec\u975e\u5e38\u91cd\u89c6\u60a8\u7684\u6ee1\u610f\u5ea6\uff0c\u5e0c\u671b\u60a8\u5728\u6211\u4eec\u8fd9\u91cc\u6709\u4e00\u4e2a\u65e0\u5fe7\u65e0\u8651\u7684\u8d2d\u7269\u4f53\u9a8c\u3002\u5982\u679c\u60a8\u9047\u5230\u4efb\u4f55\u95ee\u9898\u6216\u5bf9\u8d2d\u4e70\u7684\u4ea7\u54c1\u4e0d\u5b8c\u5168\u6ee1\u610f\uff0c\u6211\u4eec\u5c06\u7aed\u8bda\u4e3a\u60a8\u670d\u52a1\u3002<\/p>\n<h4>\u9000\u8d27<\/h4>\n<ul>\n<li><strong>14 \u5929\u9000\u8d27\u671f\uff1a<\/strong> \u60a8\u6709\u6743\u5728\u6536\u8d27\u540e 14 \u5929\u5185\u9000\u8d27\uff0c\u65e0\u9700\u8bf4\u660e\u4efb\u4f55\u7406\u7531\u3002<\/li>\n<li><strong>\u6761\u4ef6\uff1a<\/strong> \u9000\u8d27\u65f6\uff0c\u8d27\u7269\u5fc5\u987b\u4fdd\u6301\u539f\u6837\uff0c\u65e0\u635f\u574f\uff0c\u5e76\u5c3d\u53ef\u80fd\u4f7f\u7528\u539f\u5305\u88c5\u3002<\/li>\n<li><strong>\u9000\u8d27\u7a0b\u5e8f\uff1a<\/strong> \u8bf7\u901a\u8fc7\u7535\u5b50\u90ae\u4ef6\u6216\u7535\u8bdd\u8054\u7cfb\u6211\u4eec\uff0c\u542f\u52a8\u9000\u8d27\u7a0b\u5e8f\u3002\u6211\u4eec\u5c06\u4e3a\u60a8\u63d0\u4f9b\u6240\u9700\u7684\u6240\u6709\u4fe1\u606f\uff0c\u5305\u62ec\u9000\u8d27\u5730\u5740\u3002<\/li>\n<li><strong>\u9000\u6b3e\uff1a<\/strong> \u5728\u6536\u5230\u5e76\u68c0\u67e5\u9000\u56de\u7684\u8d27\u7269\u540e\uff0c\u6211\u4eec\u5c06\u6309\u7167\u4ed8\u6b3e\u7684\u76f8\u540c\u65b9\u5f0f\u5411\u60a8\u9000\u6b3e\u3002<\/li>\n<\/ul>\n<h4>\u6295\u8bc9<\/h4>\n<ul>\n<li><strong>\u6295\u8bc9\u7a0b\u5e8f\uff1a<\/strong> \u5982\u679c\u8d2d\u4e70\u7684\u8d27\u7269\u6709\u7f3a\u9677\u6216\u4e0d\u7b26\u5408\u60a8\u7684\u671f\u671b\uff0c\u8bf7\u8054\u7cfb\u6211\u4eec\u5e76\u8bf4\u660e\u95ee\u9898\u6240\u5728\u3002\u6211\u4eec\u5f88\u4e50\u610f\u4e3a\u60a8\u63d0\u4f9b\u5982\u4f55\u6295\u8bc9\u7684\u8fdb\u4e00\u6b65\u8bf4\u660e\u3002<\/li>\n<li><strong>\u4fdd\u4fee\u671f\uff1a<\/strong> \u6211\u4eec\u6839\u636e\u9002\u7528\u6cd5\u5f8b\u4e3a\u6240\u6709\u4ea7\u54c1\u63d0\u4f9b\u6807\u51c6\u4fdd\u4fee\u671f\u3002<\/li>\n<li><strong>\u6295\u8bc9\u5904\u7406\uff1a<\/strong> \u6536\u5230\u8d27\u7269\u540e\uff0c\u6211\u4eec\u5c06\u542f\u52a8\u7d22\u8d54\u7a0b\u5e8f\u3002\u6211\u4eec\u5c06\u5c3d\u5feb\uff08\u901a\u5e38\u5728 30 \u5929\u5185\uff09\u89e3\u51b3\u7d22\u8d54\u95ee\u9898\u3002<\/li>\n<\/ul>\n<h4>\u8054\u7cfb\u65b9\u5f0f<\/h4>\n<p>\u6709\u5173\u9000\u8d27\u6216\u6295\u8bc9\u7684\u4efb\u4f55\u95ee\u9898\uff0c\u8bf7\u901a\u8fc7 simecek@strechabudejc.cz \u6216 +420773299191 \u4e0e\u6211\u4eec\u8054\u7cfb\u3002\u6211\u4eec\u5c06\u7aed\u8bda\u4e3a\u60a8\u670d\u52a1\uff0c\u786e\u4fdd\u60a8\u5728\u6211\u4eec\u8fd9\u91cc\u83b7\u5f97\u6109\u5feb\u7684\u8d2d\u7269\u4f53\u9a8c\u3002<\/p>\n<p>\u611f\u8c22\u60a8\u7684\u4fe1\u4efb\uff0c\u6211\u4eec\u671f\u5f85\u60a8\u4eca\u540e\u7684\u5149\u4e34\u3002<\/p>","protected":false},"excerpt":{"rendered":"<p>V\u00e1\u017e\u00edme si va\u0161\u00ed spokojenosti a chceme, aby v\u00e1\u0161 n\u00e1kup u n\u00e1s byl bezstarostn\u00fdm z\u00e1\u017eitkem. Pokud se setk\u00e1te s jak\u00fdmkoliv probl\u00e9mem nebo nejste s n\u00e1kupem pln\u011b spokojeni, jsme zde, abychom v\u00e1m pomohli. Vr\u00e1cen\u00ed Zbo\u017e\u00ed 14denn\u00ed lh\u016fta pro vr\u00e1cen\u00ed: M\u00e1te pr\u00e1vo vr\u00e1tit zakoupen\u00e9 zbo\u017e\u00ed bez ud\u00e1n\u00ed d\u016fvodu do 14 dn\u016f od jeho p\u0159evzet\u00ed. Stav zbo\u017e\u00ed: Zbo\u017e\u00ed mus\u00ed [&hellip;]<\/p>\n","protected":false},"author":1,"featured_media":0,"parent":0,"menu_order":0,"comment_status":"closed","ping_status":"closed","template":"","meta":{"_acf_changed":false,"footnotes":""},"class_list":["post-17","page","type-page","status-publish","hentry"],"acf":[],"_links":{"self":[{"href":"https:\/\/strechabudejc.cz\/zh\/wp-json\/wp\/v2\/pages\/17","targetHints":{"allow":["GET"]}}],"collection":[{"href":"https:\/\/strechabudejc.cz\/zh\/wp-json\/wp\/v2\/pages"}],"about":[{"href":"https:\/\/strechabudejc.cz\/zh\/wp-json\/wp\/v2\/types\/page"}],"author":[{"embeddable":true,"href":"https:\/\/strechabudejc.cz\/zh\/wp-json\/wp\/v2\/users\/1"}],"replies":[{"embeddable":true,"href":"https:\/\/strechabudejc.cz\/zh\/wp-json\/wp\/v2\/comments?post=17"}],"version-history":[{"count":4,"href":"https:\/\/strechabudejc.cz\/zh\/wp-json\/wp\/v2\/pages\/17\/revisions"}],"predecessor-version":[{"id":720,"href":"https:\/\/strechabudejc.cz\/zh\/wp-json\/wp\/v2\/pages\/17\/revisions\/720"}],"wp:attachment":[{"href":"https:\/\/strechabudejc.cz\/zh\/wp-json\/wp\/v2\/media?parent=17"}],"curies":[{"name":"wp","href":"https:\/\/api.w.org\/{rel}","templated":true}]}}