{"id":17,"date":"2023-11-29T10:18:15","date_gmt":"2023-11-29T09:18:15","guid":{"rendered":"https:\/\/strechabudejc.cz\/?page_id=17"},"modified":"2023-11-29T13:07:09","modified_gmt":"2023-11-29T12:07:09","slug":"\u82e6\u60c5","status":"publish","type":"page","link":"https:\/\/strechabudejc.cz\/ja\/\u82e6\u60c5-2\/","title":{"rendered":"\u82e6\u60c5\u3068\u8fd4\u54c1"},"content":{"rendered":"<p>\u79c1\u305f\u3061\u306f\u304a\u5ba2\u69d8\u306e\u6e80\u8db3\u3092\u5927\u5207\u306b\u3057\u3001\u79c1\u305f\u3061\u3068\u306e\u30b7\u30e7\u30c3\u30d4\u30f3\u30b0\u4f53\u9a13\u304c\u6c17\u697d\u306a\u3082\u306e\u3067\u3042\u308b\u3053\u3068\u3092\u671b\u3093\u3067\u3044\u307e\u3059\u3002\u3082\u3057\u4f55\u304b\u554f\u984c\u304c\u767a\u751f\u3057\u305f\u308a\u3001\u304a\u8cb7\u3044\u7269\u306b\u3054\u6e80\u8db3\u3044\u305f\u3060\u3051\u306a\u3044\u5834\u5408\u306f\u3001\u79c1\u305f\u3061\u304c\u304a\u624b\u4f1d\u3044\u3044\u305f\u3057\u307e\u3059\u3002<\/p>\n<h4>\u5546\u54c1\u306e\u8fd4\u54c1<\/h4>\n<ul>\n<li><strong>14\u65e5\u9593\u306e\u8fd4\u54c1\u671f\u9593\uff1a<\/strong> \u304a\u5ba2\u69d8\u306f\u3001\u5546\u54c1\u53d7\u9818\u5f8c14\u65e5\u4ee5\u5185\u3067\u3042\u308c\u3070\u3001\u7406\u7531\u3092\u554f\u308f\u305a\u3001\u8cfc\u5165\u3057\u305f\u5546\u54c1\u3092\u8fd4\u54c1\u3059\u308b\u6a29\u5229\u3092\u6709\u3057\u307e\u3059\u3002<\/li>\n<li><strong>\u30b3\u30f3\u30c7\u30a3\u30b7\u30e7\u30f3<\/strong> \u5546\u54c1\u306f\u3001\u5143\u306e\u72b6\u614b\u3067\u3001\u7834\u640d\u3057\u3066\u304a\u3089\u305a\u3001\u53ef\u80fd\u3067\u3042\u308c\u3070\u5143\u306e\u68b1\u5305\u3067\u8fd4\u9001\u3055\u308c\u306a\u3051\u308c\u3070\u306a\u308a\u307e\u305b\u3093\u3002<\/li>\n<li><strong>\u8fd4\u54c1\u624b\u7d9a\u304d<\/strong> \u8fd4\u54c1\u624b\u7d9a\u304d\u3092\u958b\u59cb\u3059\u308b\u306b\u306f\u3001E\u30e1\u30fc\u30eb\u307e\u305f\u306f\u304a\u96fb\u8a71\u306b\u3066\u3054\u9023\u7d61\u304f\u3060\u3055\u3044\u3002\u8fd4\u9001\u5148\u4f4f\u6240\u306a\u3069\u5fc5\u8981\u306a\u60c5\u5831\u3092\u304a\u77e5\u3089\u305b\u3044\u305f\u3057\u307e\u3059\u3002<\/li>\n<li><strong>\u6255\u3044\u623b\u3057\uff1a<\/strong> \u8fd4\u54c1\u3055\u308c\u305f\u5546\u54c1\u3092\u53d7\u9818\u3057\u3001\u691c\u54c1\u3057\u305f\u5f8c\u3001\u304a\u652f\u6255\u3044\u3068\u540c\u3058\u65b9\u6cd5\u3067\u8fd4\u91d1\u3044\u305f\u3057\u307e\u3059\u3002<\/li>\n<\/ul>\n<h4>\u82e6\u60c5<\/h4>\n<ul>\n<li><strong>\u82e6\u60c5\u306e\u624b\u7d9a\u304d<\/strong> \u3054\u8cfc\u5165\u3044\u305f\u3060\u3044\u305f\u5546\u54c1\u306b\u6b20\u9665\u304c\u3042\u3063\u305f\u5834\u5408\u3001\u307e\u305f\u306f\u304a\u5ba2\u69d8\u306e\u3054\u671f\u5f85\u306b\u6dfb\u3048\u306a\u3044\u5834\u5408\u306f\u3001\u554f\u984c\u306e\u5185\u5bb9\u3092\u660e\u8a18\u306e\u4e0a\u3001\u5f0a\u793e\u307e\u3067\u3054\u9023\u7d61\u304f\u3060\u3055\u3044\u3002\u30af\u30ec\u30fc\u30e0\u306e\u65b9\u6cd5\u306b\u3064\u3044\u3066\u3001\u3055\u3089\u306b\u8a73\u3057\u304f\u3054\u8aac\u660e\u3055\u305b\u3066\u3044\u305f\u3060\u304d\u307e\u3059\u3002<\/li>\n<li><strong>\u4fdd\u8a3c\u671f\u9593\uff1a<\/strong> \u5f53\u793e\u306f\u3001\u9069\u7528\u3055\u308c\u308b\u6cd5\u5f8b\u306b\u5f93\u3044\u3001\u3059\u3079\u3066\u306e\u88fd\u54c1\u306b\u6a19\u6e96\u4fdd\u8a3c\u671f\u9593\u3092\u8a2d\u3051\u3066\u3044\u307e\u3059\u3002<\/li>\n<li><strong>\u82e6\u60c5\u51e6\u7406\uff1a<\/strong> \u5546\u54c1\u3092\u53d7\u3051\u53d6\u308a\u6b21\u7b2c\u3001\u30af\u30ec\u30fc\u30e0\u51e6\u7406\u3092\u958b\u59cb\u3057\u307e\u3059\u3002\u901a\u5e3830\u65e5\u4ee5\u5185\u306b\u3001\u53ef\u80fd\u306a\u9650\u308a\u8fc5\u901f\u306b\u30af\u30ec\u30fc\u30e0\u3092\u89e3\u6c7a\u3059\u308b\u3088\u3046\u52aa\u3081\u307e\u3059\u3002<\/li>\n<\/ul>\n<h4>\u9023\u7d61\u5148<\/h4>\n<p>\u8fd4\u54c1\u3084\u82e6\u60c5\u306b\u95a2\u3059\u308b\u3054\u8cea\u554f\u306f\u3001simecek@strechabudejc.cz \u307e\u305f\u306f +420773299191 \u307e\u3067\u3054\u9023\u7d61\u304f\u3060\u3055\u3044\u3002\u79c1\u305f\u3061\u306f\u3042\u306a\u305f\u306e\u304a\u624b\u4f1d\u3044\u3092\u3057\u3001\u79c1\u305f\u3061\u3068\u306e\u8cfc\u5165\u7d4c\u9a13\u304c\u3067\u304d\u308b\u3060\u3051\u5feb\u9069\u3067\u3042\u308b\u3053\u3068\u3092\u78ba\u8a8d\u3059\u308b\u305f\u3081\u306b\u3053\u3053\u306b\u3044\u308b\u3002<\/p>\n<p>\u4eca\u5f8c\u3082\u3001\u7686\u69d8\u306e\u304a\u8cb7\u3044\u7269\u3092\u304a\u5f85\u3061\u3057\u3066\u304a\u308a\u307e\u3059\u3002<\/p>","protected":false},"excerpt":{"rendered":"<p>V\u00e1\u017e\u00edme si va\u0161\u00ed spokojenosti a chceme, aby v\u00e1\u0161 n\u00e1kup u n\u00e1s byl bezstarostn\u00fdm z\u00e1\u017eitkem. Pokud se setk\u00e1te s jak\u00fdmkoliv probl\u00e9mem nebo nejste s n\u00e1kupem pln\u011b spokojeni, jsme zde, abychom v\u00e1m pomohli. Vr\u00e1cen\u00ed Zbo\u017e\u00ed 14denn\u00ed lh\u016fta pro vr\u00e1cen\u00ed: M\u00e1te pr\u00e1vo vr\u00e1tit zakoupen\u00e9 zbo\u017e\u00ed bez ud\u00e1n\u00ed d\u016fvodu do 14 dn\u016f od jeho p\u0159evzet\u00ed. Stav zbo\u017e\u00ed: Zbo\u017e\u00ed mus\u00ed b\u00fdt vr\u00e1ceno v p\u016fvodn\u00edm stavu, nepo\u0161kozen\u00e9 a, pokud mo\u017eno, v p\u016fvodn\u00edm obalu. Postup vr\u00e1cen\u00ed: Pro zah\u00e1jen\u00ed procesu vr\u00e1cen\u00ed n\u00e1s pros\u00edm kontaktujte e-mailem nebo telefonicky. Poskytneme v\u00e1m ve\u0161ker\u00e9 pot\u0159ebn\u00e9 informace v\u010detn\u011b adresy pro vr\u00e1cen\u00ed zbo\u017e\u00ed. Vr\u00e1cen\u00ed pen\u011bz: Po obdr\u017een\u00ed a kontrole vr\u00e1cen\u00e9ho zbo\u017e\u00ed v\u00e1m budou pen\u00edze vr\u00e1ceny stejn\u00fdm zp\u016fsobem, jak\u00fdm byla platba uskute\u010dn\u011bna. Reklamace Postup reklamace: [&hellip;]<\/p>\n","protected":false},"author":1,"featured_media":0,"parent":0,"menu_order":0,"comment_status":"closed","ping_status":"closed","template":"","meta":{"_acf_changed":false,"footnotes":""},"class_list":["post-17","page","type-page","status-publish","hentry"],"acf":[],"_links":{"self":[{"href":"https:\/\/strechabudejc.cz\/ja\/wp-json\/wp\/v2\/pages\/17","targetHints":{"allow":["GET"]}}],"collection":[{"href":"https:\/\/strechabudejc.cz\/ja\/wp-json\/wp\/v2\/pages"}],"about":[{"href":"https:\/\/strechabudejc.cz\/ja\/wp-json\/wp\/v2\/types\/page"}],"author":[{"embeddable":true,"href":"https:\/\/strechabudejc.cz\/ja\/wp-json\/wp\/v2\/users\/1"}],"replies":[{"embeddable":true,"href":"https:\/\/strechabudejc.cz\/ja\/wp-json\/wp\/v2\/comments?post=17"}],"version-history":[{"count":4,"href":"https:\/\/strechabudejc.cz\/ja\/wp-json\/wp\/v2\/pages\/17\/revisions"}],"predecessor-version":[{"id":720,"href":"https:\/\/strechabudejc.cz\/ja\/wp-json\/wp\/v2\/pages\/17\/revisions\/720"}],"wp:attachment":[{"href":"https:\/\/strechabudejc.cz\/ja\/wp-json\/wp\/v2\/media?parent=17"}],"curies":[{"name":"wp","href":"https:\/\/api.w.org\/{rel}","templated":true}]}}