{"id":2499,"date":"2026-03-19T22:29:14","date_gmt":"2026-03-19T21:29:14","guid":{"rendered":"https:\/\/strechabudejc.cz\/?post_type=product&#038;p=2499"},"modified":"2026-04-22T17:01:58","modified_gmt":"2026-04-22T15:01:58","slug":"the-moment","status":"publish","type":"product","link":"https:\/\/strechabudejc.cz\/es\/p\/the-moment\/","title":{"rendered":"THE MOMENT"},"content":{"rendered":"<h2 data-section-id=\"1ag7j59\" data-start=\"243\" data-end=\"275\">VE\u010cER, NA KTER\u00dd SE NEZAPOM\u00cdN\u00c1<\/h2>\n<p data-start=\"277\" data-end=\"344\">N\u011bkter\u00e9 chv\u00edle nechce\u0161 odfl\u00e1knout.<br data-start=\"311\" data-end=\"314\" \/>A p\u0159esn\u011b pro n\u011b je THE MOMENT.<\/p>\n<h2 data-section-id=\"2oxkd4\" data-start=\"351\" data-end=\"365\">CO ZA\u017dIJETE<\/h2>\n<p data-start=\"367\" data-end=\"469\">P\u0159ijdete na soukrom\u00fd rooftop p\u0159ipraven\u00fd jen pro v\u00e1s dva.<br data-start=\"423\" data-end=\"426\" \/>Ticho. V\u00fdhled. Atmosf\u00e9ra, kter\u00e1 t\u011b zpomal\u00ed.<\/p>\n<p data-start=\"471\" data-end=\"534\">Na stole \u010dek\u00e1 prav\u00e9 champagne.<br data-start=\"501\" data-end=\"504\" \/>Ne prosecco. Opravdov\u00fd moment.<\/p>\n<p data-start=\"536\" data-end=\"629\">Romantick\u00e1 dekorace, sv\u011btla, kv\u011btiny.<br data-start=\"573\" data-end=\"576\" \/>V\u0161echno p\u0159ipraven\u00e9 tak, aby ses nemusel o nic starat.<\/p>\n<p data-start=\"631\" data-end=\"725\">Ve\u010de\u0159e pro dva.<br data-start=\"646\" data-end=\"649\" \/>Vyberete si hlavn\u00ed chod a zbytek je postaven\u00fd tak, aby ten ve\u010der m\u011bl rytmus.<\/p>\n<p data-start=\"727\" data-end=\"801\">Delikatesn\u00ed tal\u00ed\u0159:<br \/>\nprosciutto, kvalitn\u00ed s\u00fdry, olivy, o\u0159\u00ed\u0161ky, \u010derstv\u00e9 ovoce<\/p>\n<p data-start=\"803\" data-end=\"878\">A na konec sladk\u00e1 te\u010dka.<br data-start=\"827\" data-end=\"830\" \/>Proto\u017ee n\u011bkter\u00e9 ve\u010dery si zaslou\u017e\u00ed b\u00fdt dota\u017een\u00e9.<\/p>\n<h2 data-section-id=\"11ew2mz\" data-start=\"885\" data-end=\"897\">TEN POCIT<\/h2>\n<p data-start=\"899\" data-end=\"987\">Ne\u0159e\u0161\u00ed\u0161 \u010das.<br data-start=\"911\" data-end=\"914\" \/>Ne\u0159e\u0161\u00ed\u0161 lidi okolo.<br data-start=\"933\" data-end=\"936\" \/>Jen sed\u00ed\u0161, kouk\u00e1\u0161 na m\u011bsto\u2026 a v\u00ed\u0161, \u017ee tohle je ono.<\/p>\n<h2 data-section-id=\"gt0v74\" data-start=\"994\" data-end=\"1016\">PRO\u010c TO ZA TO STOJ\u00cd<\/h2>\n<p data-start=\"1018\" data-end=\"1100\">Nemus\u00ed\u0161 nic organizovat.<br data-start=\"1042\" data-end=\"1045\" \/>Nemus\u00ed\u0161 \u0159e\u0161it, kam j\u00edt, kde bude klid, jestli to vyjde.<\/p>\n<p data-start=\"1102\" data-end=\"1138\">Tohle je p\u0159ipraven\u00e9.<br data-start=\"1122\" data-end=\"1125\" \/>A funguje to.<\/p>\n<p data-start=\"1140\" data-end=\"1206\">Je to ve\u010der, kter\u00fd ud\u011bl\u00e1 dojem.<br data-start=\"1171\" data-end=\"1174\" \/>Na partnerku, na partnera, na tebe samotn\u00e9ho.<\/p>\n<h2 data-section-id=\"1gm7ef6\" data-start=\"1213\" data-end=\"1233\">KDY TO D\u00c1V\u00c1 SMYSL<\/h2>\n<p data-start=\"1235\" data-end=\"1313\">V\u00fdro\u010d\u00ed<br data-start=\"1241\" data-end=\"1244\" \/>Oslava<br data-start=\"1250\" data-end=\"1253\" \/>\u017d\u00e1dost o ruku<br data-start=\"1266\" data-end=\"1269\" \/>Nebo kdy\u017e prost\u011b v\u00ed\u0161, \u017ee to m\u00e1 b\u00fdt v\u00fdjime\u010dn\u00e9<\/p>\n<h2 data-section-id=\"fdhzx1\" data-start=\"1320\" data-end=\"1337\">JAK TO PROB\u00cdH\u00c1<\/h2>\n<ol data-start=\"1339\" data-end=\"1418\">\n<li data-section-id=\"y1ufu1\" data-start=\"1339\" data-end=\"1358\">Vybere\u0161 term\u00edn<\/li>\n<li data-section-id=\"1til8td\" data-start=\"1359\" data-end=\"1381\">Rezervuje\u0161 online<\/li>\n<li data-section-id=\"sg9fj4\" data-start=\"1382\" data-end=\"1418\">P\u0159ijde\u0161 \u2192 v\u0161echno je p\u0159ipraven\u00e9<\/li>\n<\/ol>\n<p data-start=\"1420\" data-end=\"1443\">Bez stresu. Bez \u0159e\u0161en\u00ed.<\/p>\n<p>&nbsp;<\/p>\n<p><strong>THE MOMENT zahrnuje:<\/strong><\/p>\n<ul>\n<li>Soukromou rezervaci rooftop m\u00edsta<\/li>\n<li>Luxusn\u011bj\u0161\u00ed romantickou dekoraci se sv\u00ed\u010dkami a kv\u011btinami<\/li>\n<li>L\u00e1hev prav\u00e9ho champagne<\/li>\n<\/ul>\n<p><strong>Rooftop dinner pro dva<\/strong><\/p>\n<ul>\n<li>hlavn\u00ed chod podle v\u00fdb\u011bru<\/li>\n<\/ul>\n<p><strong>Delikatesn\u00ed tal\u00ed\u0159<\/strong><\/p>\n<ul>\n<li>prosciutto<\/li>\n<li>v\u00fdb\u011br kvalitn\u00edch s\u00fdr\u016f<\/li>\n<li>olivy<\/li>\n<li>o\u0159\u00ed\u0161ky<\/li>\n<li>\u010derstv\u00e9 ovoce<\/li>\n<\/ul>\n<p><strong>Punto dulce<\/strong><\/p>\n<ul>\n<li>luxusn\u00ed dezert<\/li>\n<\/ul>\n<p>Ide\u00e1ln\u00ed pro v\u00fdro\u010d\u00ed, oslavy nebo v\u00fdjime\u010dn\u00e9 ve\u010dery.<\/p>\n<p>Cena bal\u00ed\u010dku plat\u00ed pro 2 osoby. Dal\u0161\u00ed osoba je za p\u0159\u00edplatek 4400 K\u010d a m\u016f\u017eete ji p\u0159idat ve formul\u00e1\u0159i n\u00ed\u017ee.<\/p>","protected":false},"excerpt":{"rendered":"<p>Ide\u00e1ln\u00ed pro v\u00fdro\u010d\u00ed, oslavy nebo v\u00fdjime\u010dn\u00e9 ve\u010dery.<\/p>\n<p>&nbsp;<\/p>","protected":false},"featured_media":1992,"comment_status":"closed","ping_status":"closed","template":"","meta":{"_acf_changed":false},"product_brand":[],"product_cat":[17],"product_tag":[],"class_list":{"0":"post-2499","1":"product","2":"type-product","3":"status-publish","4":"has-post-thumbnail","6":"product_cat-rezervace","8":"first","9":"instock","10":"featured","11":"virtual","12":"sold-individually","13":"purchasable","14":"product-type-booking"},"booking_location":"","booking_location_type":"","booking_duration":3,"booking_duration_unit":"hour","booking_buffer":0,"booking_cost":1100,"booking_resources":[828],"exclude_global_add_ons":false,"addons":[{"name":"Chcete darovat z\u00e1\u017eitek?","type":"checkbox","position":6,"required":false,"title_format":"heading","default":"","description_enable":false,"description":"Chcete darovat z\u00e1\u017eitek?","placeholder_enable":false,"placeholder":"","display":"select","restrictions_type":"any_text","adjust_price":false,"price":"","price_type":"flat_fee","restrictions":false,"min":"0","max":"0","options":[{"label":"Objedn\u00e1v\u00e1m jako d\u00e1rek a chci zaslat d\u00e1rkov\u00fd poukaz","price":"","price_type":"flat_fee","image":0,"visibility":true}],"id":1773926785}],"acf":[],"_links":{"self":[{"href":"https:\/\/strechabudejc.cz\/es\/wp-json\/wp\/v2\/product\/2499","targetHints":{"allow":["GET"]}}],"collection":[{"href":"https:\/\/strechabudejc.cz\/es\/wp-json\/wp\/v2\/product"}],"about":[{"href":"https:\/\/strechabudejc.cz\/es\/wp-json\/wp\/v2\/types\/product"}],"replies":[{"embeddable":true,"href":"https:\/\/strechabudejc.cz\/es\/wp-json\/wp\/v2\/comments?post=2499"}],"wp:featuredmedia":[{"embeddable":true,"href":"https:\/\/strechabudejc.cz\/es\/wp-json\/wp\/v2\/media\/1992"}],"wp:attachment":[{"href":"https:\/\/strechabudejc.cz\/es\/wp-json\/wp\/v2\/media?parent=2499"}],"wp:term":[{"taxonomy":"product_brand","embeddable":true,"href":"https:\/\/strechabudejc.cz\/es\/wp-json\/wp\/v2\/product_brand?post=2499"},{"taxonomy":"product_cat","embeddable":true,"href":"https:\/\/strechabudejc.cz\/es\/wp-json\/wp\/v2\/product_cat?post=2499"},{"taxonomy":"product_tag","embeddable":true,"href":"https:\/\/strechabudejc.cz\/es\/wp-json\/wp\/v2\/product_tag?post=2499"}],"curies":[{"name":"wp","href":"https:\/\/api.w.org\/{rel}","templated":true}]}}