{"id":3,"date":"2023-11-09T21:08:36","date_gmt":"2023-11-09T21:08:36","guid":{"rendered":"https:\/\/strechabudejc.cz\/?page_id=3"},"modified":"2023-11-29T13:22:25","modified_gmt":"2023-11-29T12:22:25","slug":"proteccion-de-la-intimidad","status":"publish","type":"page","link":"https:\/\/strechabudejc.cz\/es\/proteccion-de-la-intimidad-2\/","title":{"rendered":"Pol\u00edtica de privacidad"},"content":{"rendered":"<h3>Pol\u00edtica de privacidad<\/h3>\n<p>En Roof of Budejc, valoramos su privacidad y nos comprometemos a proteger la informaci\u00f3n personal que nos conf\u00eda al utilizar nuestro sitio web y nuestros servicios.<\/p>\n<h4>Recogida y uso de datos personales<\/h4>\n<ul>\n<li><strong>Qu\u00e9 datos recogemos:<\/strong> Al realizar un pedido o registrarse en nuestro sitio web, es posible que se le pida que introduzca su nombre, direcci\u00f3n de correo electr\u00f3nico, direcci\u00f3n postal o n\u00famero de tel\u00e9fono.<\/li>\n<li><strong>Finalidad de la recogida de datos:<\/strong> Utilizamos sus datos para procesar transacciones, personalizar su experiencia y mejorar la atenci\u00f3n al cliente.<\/li>\n<\/ul>\n<h4>Protecci\u00f3n de sus datos<\/h4>\n<ul>\n<li>Aplicamos diversas medidas de seguridad para mantener la seguridad de su informaci\u00f3n personal.<\/li>\n<li>Sus datos personales no se venden, intercambian ni transfieren a terceros. Esto no incluye a terceros de confianza que nos ayudan a operar nuestro sitio, a llevar a cabo nuestro negocio o a servirle a usted, siempre y cuando dichas partes se comprometan a mantener la confidencialidad de esta informaci\u00f3n.<\/li>\n<\/ul>\n<h4>Cookies<\/h4>\n<ul>\n<li>Nuestro sitio web utiliza \"cookies\" para mejorar el acceso a nuestro sitio web y reconocer a los visitantes recurrentes. Adem\u00e1s, nuestras cookies mejoran la experiencia del usuario mediante el seguimiento y la orientaci\u00f3n de los usuarios y sus intereses.<\/li>\n<\/ul>\n<h4>Consentimiento<\/h4>\n<ul>\n<li>Al utilizar nuestro sitio web, usted acepta nuestra pol\u00edtica de privacidad.<\/li>\n<\/ul>\n<h4>Cambios en nuestra pol\u00edtica de privacidad<\/h4>\n<ul>\n<li>Si decidimos cambiar nuestra pol\u00edtica de privacidad, publicaremos dichos cambios en esta p\u00e1gina.<\/li>\n<\/ul>\n<p>Si tiene alguna pregunta o duda sobre su privacidad, no dude en ponerse en contacto con nosotros en simecek@strechabudejc.cz.<\/p>","protected":false},"excerpt":{"rendered":"<p>Ochrana soukrom\u00ed Na St\u0159e\u0161e Bud\u011bjc si v\u00e1\u017e\u00edme va\u0161eho soukrom\u00ed a zavazujeme se chr\u00e1nit osobn\u00ed \u00fadaje, kter\u00e9 n\u00e1m sv\u011b\u0159ujete p\u0159i pou\u017e\u00edv\u00e1n\u00ed na\u0161eho webu a slu\u017eeb. Shroma\u017e\u010fov\u00e1n\u00ed a Pou\u017e\u00edv\u00e1n\u00ed Osobn\u00edch \u00dadaj\u016f Jak\u00e9 \u00fadaje shroma\u017e\u010fujeme: P\u0159i objedn\u00e1vce nebo registraci na na\u0161em webu m\u016f\u017eete b\u00fdt po\u017e\u00e1d\u00e1ni o zad\u00e1n\u00ed jm\u00e9na, e-mailov\u00e9 adresy, po\u0161tovn\u00ed adresy nebo telefonn\u00edho \u010d\u00edsla. \u00da\u010del shroma\u017e\u010fov\u00e1n\u00ed \u00fadaj\u016f: [&hellip;]<\/p>\n","protected":false},"author":1,"featured_media":0,"parent":0,"menu_order":0,"comment_status":"closed","ping_status":"open","template":"","meta":{"_acf_changed":false,"footnotes":""},"class_list":["post-3","page","type-page","status-publish","hentry"],"acf":[],"_links":{"self":[{"href":"https:\/\/strechabudejc.cz\/es\/wp-json\/wp\/v2\/pages\/3","targetHints":{"allow":["GET"]}}],"collection":[{"href":"https:\/\/strechabudejc.cz\/es\/wp-json\/wp\/v2\/pages"}],"about":[{"href":"https:\/\/strechabudejc.cz\/es\/wp-json\/wp\/v2\/types\/page"}],"author":[{"embeddable":true,"href":"https:\/\/strechabudejc.cz\/es\/wp-json\/wp\/v2\/users\/1"}],"replies":[{"embeddable":true,"href":"https:\/\/strechabudejc.cz\/es\/wp-json\/wp\/v2\/comments?post=3"}],"version-history":[{"count":4,"href":"https:\/\/strechabudejc.cz\/es\/wp-json\/wp\/v2\/pages\/3\/revisions"}],"predecessor-version":[{"id":724,"href":"https:\/\/strechabudejc.cz\/es\/wp-json\/wp\/v2\/pages\/3\/revisions\/724"}],"wp:attachment":[{"href":"https:\/\/strechabudejc.cz\/es\/wp-json\/wp\/v2\/media?parent=3"}],"curies":[{"name":"wp","href":"https:\/\/api.w.org\/{rel}","templated":true}]}}