{"id":2497,"date":"2026-03-19T22:25:31","date_gmt":"2026-03-19T21:25:31","guid":{"rendered":"https:\/\/strechabudejc.cz\/?post_type=product&#038;p=2497"},"modified":"2026-03-20T12:12:43","modified_gmt":"2026-03-20T11:12:43","slug":"chill-vibes","status":"publish","type":"product","link":"https:\/\/strechabudejc.cz\/en\/p\/chill-vibes\/","title":{"rendered":"Chill &#038; Vibes"},"content":{"rendered":"<p>Pohodov\u00fd ve\u010der na st\u0159e\u0161e s j\u00eddlem, proseccem a skv\u011blou atmosf\u00e9rou.<\/p>\n<p><strong>Chill &amp; Vibes zahrnuje:<\/strong><\/p>\n<ul>\n<li>Soukrom\u00fd rooftop spot na 2 hodiny<\/li>\n<li>A bottle of prosecco<\/li>\n<li>Sd\u00edlen\u00fd rooftop tal\u00ed\u0159 pln\u00fd dobrot<\/li>\n<\/ul>\n<p><strong>Na tal\u00ed\u0159i nap\u0159\u00edklad:<\/strong><\/p>\n<ul>\n<li>v\u00fdb\u011br s\u00fdr\u016f<\/li>\n<li>kvalitn\u00ed \u0161unka<\/li>\n<li>olivy<\/li>\n<li>mini bruschetty<\/li>\n<li>grissini s dipem<\/li>\n<li>\u010derstv\u00e9 pe\u010divo<\/li>\n<\/ul>\n<p><strong>Sladk\u00e1 te\u010dka:<\/strong><\/p>\n<ul>\n<li>dezert nebo tiramisu<\/li>\n<\/ul>","protected":false},"excerpt":{"rendered":"<p>Ide\u00e1ln\u00ed pro dlouh\u00fd ve\u010der pln\u00fd pohody, j\u00eddla a v\u00fdhledu na m\u011bsto.<\/p>\n<p>Cena bal\u00ed\u010dku plat\u00ed pro 2 osoby. Dal\u0161\u00ed osoba je za p\u0159\u00edplatek 1400 K\u010d a m\u016f\u017eete ji p\u0159idat ve formul\u00e1\u0159i n\u00ed\u017ee.<\/p>","protected":false},"featured_media":1749,"comment_status":"closed","ping_status":"closed","template":"","meta":{"_acf_changed":false},"product_brand":[],"product_cat":[17],"product_tag":[],"class_list":{"0":"post-2497","1":"product","2":"type-product","3":"status-publish","4":"has-post-thumbnail","6":"product_cat-rezervace","8":"first","9":"instock","10":"virtual","11":"sold-individually","12":"purchasable","13":"product-type-booking"},"booking_location":"","booking_location_type":"","booking_duration":2,"booking_duration_unit":"hour","booking_buffer":0,"booking_cost":1100,"booking_resources":[828],"exclude_global_add_ons":false,"addons":[{"name":"Chcete darovat z\u00e1\u017eitek?","type":"checkbox","position":6,"required":false,"title_format":"heading","default":"","description_enable":false,"description":"Chcete darovat z\u00e1\u017eitek?","placeholder_enable":false,"placeholder":"","display":"select","restrictions_type":"any_text","adjust_price":false,"price":"","price_type":"flat_fee","restrictions":false,"min":"0","max":"0","options":[{"label":"Objedn\u00e1v\u00e1m jako d\u00e1rek a chci zaslat d\u00e1rkov\u00fd poukaz","price":"","price_type":"flat_fee","image":0,"visibility":true}],"id":1773926785}],"acf":[],"_links":{"self":[{"href":"https:\/\/strechabudejc.cz\/en\/wp-json\/wp\/v2\/product\/2497","targetHints":{"allow":["GET"]}}],"collection":[{"href":"https:\/\/strechabudejc.cz\/en\/wp-json\/wp\/v2\/product"}],"about":[{"href":"https:\/\/strechabudejc.cz\/en\/wp-json\/wp\/v2\/types\/product"}],"replies":[{"embeddable":true,"href":"https:\/\/strechabudejc.cz\/en\/wp-json\/wp\/v2\/comments?post=2497"}],"wp:featuredmedia":[{"embeddable":true,"href":"https:\/\/strechabudejc.cz\/en\/wp-json\/wp\/v2\/media\/1749"}],"wp:attachment":[{"href":"https:\/\/strechabudejc.cz\/en\/wp-json\/wp\/v2\/media?parent=2497"}],"wp:term":[{"taxonomy":"product_brand","embeddable":true,"href":"https:\/\/strechabudejc.cz\/en\/wp-json\/wp\/v2\/product_brand?post=2497"},{"taxonomy":"product_cat","embeddable":true,"href":"https:\/\/strechabudejc.cz\/en\/wp-json\/wp\/v2\/product_cat?post=2497"},{"taxonomy":"product_tag","embeddable":true,"href":"https:\/\/strechabudejc.cz\/en\/wp-json\/wp\/v2\/product_tag?post=2497"}],"curies":[{"name":"wp","href":"https:\/\/api.w.org\/{rel}","templated":true}]}}