{"id":3,"date":"2023-11-09T21:08:36","date_gmt":"2023-11-09T21:08:36","guid":{"rendered":"https:\/\/strechabudejc.cz\/?page_id=3"},"modified":"2023-11-29T13:22:25","modified_gmt":"2023-11-29T12:22:25","slug":"protection-of-privacy","status":"publish","type":"page","link":"https:\/\/strechabudejc.cz\/en\/protection-of-privacy\/","title":{"rendered":"Privacy Policy"},"content":{"rendered":"<h3>Privacy Policy<\/h3>\n<p>At Roof of Budejc, we value your privacy and are committed to protecting the personal information you entrust to us when using our website and services.<\/p>\n<h4>Collection and Use of Personal Information<\/h4>\n<ul>\n<li><strong>What data we collect:<\/strong> When ordering or registering on our website, you may be asked to enter your name, email address, postal address or telephone number.<\/li>\n<li><strong>Purpose of data collection:<\/strong> We use your data to process transactions, personalize your experience and improve customer support.<\/li>\n<\/ul>\n<h4>Protection of Your Information<\/h4>\n<ul>\n<li>We implement various security measures to maintain the security of your personal information.<\/li>\n<li>Your personal information is not sold, traded or otherwise transferred to third parties. This does not include trusted third parties who assist us in operating our site, conducting our business, or serving you, as long as those parties agree to keep this information confidential.<\/li>\n<\/ul>\n<h4>Cookies<\/h4>\n<ul>\n<li>Our website uses \"cookies\" to improve access to our website and to recognize repeat visitors. In addition, our cookies improve the user experience by tracking and targeting users and their interests.<\/li>\n<\/ul>\n<h4>Consent<\/h4>\n<ul>\n<li>By using our website, you agree to our privacy policy.<\/li>\n<\/ul>\n<h4>Changes to our privacy policy<\/h4>\n<ul>\n<li>If we decide to change our privacy policy, we will post those changes on this page.<\/li>\n<\/ul>\n<p>For any questions or concerns regarding your privacy, please feel free to contact us at simecek@strechabudejc.cz<\/p>","protected":false},"excerpt":{"rendered":"<p>Ochrana soukrom\u00ed Na St\u0159e\u0161e Bud\u011bjc si v\u00e1\u017e\u00edme va\u0161eho soukrom\u00ed a zavazujeme se chr\u00e1nit osobn\u00ed \u00fadaje, kter\u00e9 n\u00e1m sv\u011b\u0159ujete p\u0159i pou\u017e\u00edv\u00e1n\u00ed na\u0161eho webu a slu\u017eeb. Shroma\u017e\u010fov\u00e1n\u00ed a Pou\u017e\u00edv\u00e1n\u00ed Osobn\u00edch \u00dadaj\u016f Jak\u00e9 \u00fadaje shroma\u017e\u010fujeme: P\u0159i objedn\u00e1vce nebo registraci na na\u0161em webu m\u016f\u017eete b\u00fdt po\u017e\u00e1d\u00e1ni o zad\u00e1n\u00ed jm\u00e9na, e-mailov\u00e9 adresy, po\u0161tovn\u00ed adresy nebo telefonn\u00edho \u010d\u00edsla. \u00da\u010del shroma\u017e\u010fov\u00e1n\u00ed \u00fadaj\u016f: [&hellip;]<\/p>\n","protected":false},"author":1,"featured_media":0,"parent":0,"menu_order":0,"comment_status":"closed","ping_status":"open","template":"","meta":{"_acf_changed":false,"footnotes":""},"class_list":["post-3","page","type-page","status-publish","hentry"],"acf":[],"_links":{"self":[{"href":"https:\/\/strechabudejc.cz\/en\/wp-json\/wp\/v2\/pages\/3","targetHints":{"allow":["GET"]}}],"collection":[{"href":"https:\/\/strechabudejc.cz\/en\/wp-json\/wp\/v2\/pages"}],"about":[{"href":"https:\/\/strechabudejc.cz\/en\/wp-json\/wp\/v2\/types\/page"}],"author":[{"embeddable":true,"href":"https:\/\/strechabudejc.cz\/en\/wp-json\/wp\/v2\/users\/1"}],"replies":[{"embeddable":true,"href":"https:\/\/strechabudejc.cz\/en\/wp-json\/wp\/v2\/comments?post=3"}],"version-history":[{"count":4,"href":"https:\/\/strechabudejc.cz\/en\/wp-json\/wp\/v2\/pages\/3\/revisions"}],"predecessor-version":[{"id":724,"href":"https:\/\/strechabudejc.cz\/en\/wp-json\/wp\/v2\/pages\/3\/revisions\/724"}],"wp:attachment":[{"href":"https:\/\/strechabudejc.cz\/en\/wp-json\/wp\/v2\/media?parent=3"}],"curies":[{"name":"wp","href":"https:\/\/api.w.org\/{rel}","templated":true}]}}