{"id":2503,"date":"2026-03-19T22:37:56","date_gmt":"2026-03-19T21:37:56","guid":{"rendered":"https:\/\/strechabudejc.cz\/?post_type=product&#038;p=2503"},"modified":"2026-03-20T12:15:45","modified_gmt":"2026-03-20T11:15:45","slug":"the-proposal","status":"publish","type":"product","link":"https:\/\/strechabudejc.cz\/de\/p\/the-proposal\/","title":{"rendered":"THE PROPOSAL"},"content":{"rendered":"<p><strong>THE PROPOSAL zahrnuje:<\/strong><\/p>\n<ul>\n<li>Kompletn\u00ed soukrom\u00ed na st\u0159e\u0161e<\/li>\n<li>Speci\u00e1ln\u00ed romantickou dekoraci<\/li>\n<li>L\u00e1hev pr\u00e9miov\u00e9ho champagne<\/li>\n<li>Luxusn\u00ed rooftop ve\u010de\u0159i pro dva<\/li>\n<li>Delikatesn\u00ed tal\u00ed\u0159<\/li>\n<li>Dezert<\/li>\n<li>5h na st\u0159e\u0161e<\/li>\n<\/ul>\n<p><strong>Speci\u00e1ln\u00ed moment<\/strong><\/p>\n<ul>\n<li>p\u0159ipraven\u00e9 m\u00edsto pro \u017e\u00e1dost o ruku<\/li>\n<li>kv\u011btina pro partnerku<\/li>\n<li>pam\u00e1te\u010dn\u00ed fotografie<\/li>\n<\/ul>\n<p>Ide\u00e1ln\u00ed pro chv\u00edli, kdy chcete \u0159\u00edct: <em>\u201eVezme\u0161 si m\u011b?\u201c<\/em><\/p>","protected":false},"excerpt":{"rendered":"<p>Exkluzivn\u00ed z\u00e1snubn\u00ed ve\u010der na St\u0159e\u0161e Bud\u011bjc.<\/p>\n<p>Cena bal\u00ed\u010dku plat\u00ed pro 2 osoby.<\/p>","protected":false},"featured_media":2144,"comment_status":"closed","ping_status":"closed","template":"","meta":{"_acf_changed":false},"product_brand":[],"product_cat":[17],"product_tag":[],"class_list":{"0":"post-2503","1":"product","2":"type-product","3":"status-publish","4":"has-post-thumbnail","6":"product_cat-rezervace","8":"first","9":"instock","10":"virtual","11":"sold-individually","12":"purchasable","13":"product-type-booking"},"booking_location":"","booking_location_type":"","booking_duration":5,"booking_duration_unit":"hour","booking_buffer":0,"booking_cost":19900,"booking_resources":[828],"exclude_global_add_ons":false,"addons":[{"name":"Chcete darovat z\u00e1\u017eitek?","type":"checkbox","position":6,"required":false,"title_format":"heading","default":"","description_enable":false,"description":"Chcete darovat z\u00e1\u017eitek?","placeholder_enable":false,"placeholder":"","display":"select","restrictions_type":"any_text","adjust_price":false,"price":"","price_type":"flat_fee","restrictions":false,"min":"0","max":"0","options":[{"label":"Objedn\u00e1v\u00e1m jako d\u00e1rek a chci zaslat d\u00e1rkov\u00fd poukaz","price":"","price_type":"flat_fee","image":0,"visibility":true}],"id":1773926785}],"acf":[],"_links":{"self":[{"href":"https:\/\/strechabudejc.cz\/de\/wp-json\/wp\/v2\/product\/2503","targetHints":{"allow":["GET"]}}],"collection":[{"href":"https:\/\/strechabudejc.cz\/de\/wp-json\/wp\/v2\/product"}],"about":[{"href":"https:\/\/strechabudejc.cz\/de\/wp-json\/wp\/v2\/types\/product"}],"replies":[{"embeddable":true,"href":"https:\/\/strechabudejc.cz\/de\/wp-json\/wp\/v2\/comments?post=2503"}],"wp:featuredmedia":[{"embeddable":true,"href":"https:\/\/strechabudejc.cz\/de\/wp-json\/wp\/v2\/media\/2144"}],"wp:attachment":[{"href":"https:\/\/strechabudejc.cz\/de\/wp-json\/wp\/v2\/media?parent=2503"}],"wp:term":[{"taxonomy":"product_brand","embeddable":true,"href":"https:\/\/strechabudejc.cz\/de\/wp-json\/wp\/v2\/product_brand?post=2503"},{"taxonomy":"product_cat","embeddable":true,"href":"https:\/\/strechabudejc.cz\/de\/wp-json\/wp\/v2\/product_cat?post=2503"},{"taxonomy":"product_tag","embeddable":true,"href":"https:\/\/strechabudejc.cz\/de\/wp-json\/wp\/v2\/product_tag?post=2503"}],"curies":[{"name":"wp","href":"https:\/\/api.w.org\/{rel}","templated":true}]}}