{"id":2501,"date":"2026-03-19T22:35:02","date_gmt":"2026-03-19T21:35:02","guid":{"rendered":"https:\/\/strechabudejc.cz\/?post_type=product&#038;p=2501"},"modified":"2026-03-20T12:15:14","modified_gmt":"2026-03-20T11:15:14","slug":"night-on-the-rooftop","status":"publish","type":"product","link":"https:\/\/strechabudejc.cz\/de\/p\/night-on-the-rooftop\/","title":{"rendered":"Night on the Rooftop"},"content":{"rendered":"<p><strong>Night on the Rooftop zahrnuje:<\/strong><\/p>\n<ul>\n<li>Exkluzivn\u00ed soukrom\u00ed na st\u0159e\u0161e po cel\u00fd ve\u010der a noc<\/li>\n<li>Stylov\u011b p\u0159ipraven\u00e9 l\u016f\u017eko pod \u0161ir\u00fdm nebem<\/li>\n<li>Pol\u0161t\u00e1\u0159e, deky a pohodln\u00e9 sezen\u00ed<\/li>\n<li>Romantickou dekoraci (sv\u00ed\u010dky, sv\u011bt\u00fdlka, kv\u011btiny)<\/li>\n<\/ul>\n<p><strong>Ve\u010dern\u00ed z\u00e1\u017eitek<\/strong><\/p>\n<ul>\n<li>L\u00e1hev pr\u00e9miov\u00e9ho champagne<\/li>\n<li>Delikatesn\u00ed tal\u00ed\u0159<\/li>\n<li>Dezert<\/li>\n<\/ul>\n<p><strong>Rann\u00ed probuzen\u00ed<\/strong><\/p>\n<ul>\n<li>sn\u00eddan\u011b na st\u0159e\u0161e<\/li>\n<li>k\u00e1va nebo \u010daj<\/li>\n<li>v\u00fdhled na probouzej\u00edc\u00ed se m\u011bsto<\/li>\n<\/ul>","protected":false},"excerpt":{"rendered":"<p>Jedine\u010dn\u00fd z\u00e1\u017eitek \u2013 z\u00e1pad slunce a noc pod hv\u011bzdami nad bud\u011bjovick\u00fdm n\u00e1m\u011bst\u00edm.<\/p>\n<p>Cena bal\u00ed\u010dku plat\u00ed pro 2 osoby.<\/p>","protected":false},"featured_media":811,"comment_status":"closed","ping_status":"closed","template":"","meta":{"_acf_changed":false},"product_brand":[],"product_cat":[17],"product_tag":[],"class_list":{"0":"post-2501","1":"product","2":"type-product","3":"status-publish","4":"has-post-thumbnail","6":"product_cat-rezervace","8":"first","9":"instock","10":"virtual","11":"sold-individually","12":"purchasable","13":"product-type-booking"},"booking_location":"","booking_location_type":"","booking_duration":17,"booking_duration_unit":"hour","booking_buffer":0,"booking_cost":14900,"booking_resources":[828],"exclude_global_add_ons":false,"addons":[{"name":"Chcete darovat z\u00e1\u017eitek?","type":"checkbox","position":6,"required":false,"title_format":"heading","default":"","description_enable":false,"description":"Chcete darovat z\u00e1\u017eitek?","placeholder_enable":false,"placeholder":"","display":"select","restrictions_type":"any_text","adjust_price":false,"price":"","price_type":"flat_fee","restrictions":false,"min":"0","max":"0","options":[{"label":"Objedn\u00e1v\u00e1m jako d\u00e1rek a chci zaslat d\u00e1rkov\u00fd poukaz","price":"","price_type":"flat_fee","image":0,"visibility":true}],"id":1773926785}],"acf":[],"_links":{"self":[{"href":"https:\/\/strechabudejc.cz\/de\/wp-json\/wp\/v2\/product\/2501","targetHints":{"allow":["GET"]}}],"collection":[{"href":"https:\/\/strechabudejc.cz\/de\/wp-json\/wp\/v2\/product"}],"about":[{"href":"https:\/\/strechabudejc.cz\/de\/wp-json\/wp\/v2\/types\/product"}],"replies":[{"embeddable":true,"href":"https:\/\/strechabudejc.cz\/de\/wp-json\/wp\/v2\/comments?post=2501"}],"wp:featuredmedia":[{"embeddable":true,"href":"https:\/\/strechabudejc.cz\/de\/wp-json\/wp\/v2\/media\/811"}],"wp:attachment":[{"href":"https:\/\/strechabudejc.cz\/de\/wp-json\/wp\/v2\/media?parent=2501"}],"wp:term":[{"taxonomy":"product_brand","embeddable":true,"href":"https:\/\/strechabudejc.cz\/de\/wp-json\/wp\/v2\/product_brand?post=2501"},{"taxonomy":"product_cat","embeddable":true,"href":"https:\/\/strechabudejc.cz\/de\/wp-json\/wp\/v2\/product_cat?post=2501"},{"taxonomy":"product_tag","embeddable":true,"href":"https:\/\/strechabudejc.cz\/de\/wp-json\/wp\/v2\/product_tag?post=2501"}],"curies":[{"name":"wp","href":"https:\/\/api.w.org\/{rel}","templated":true}]}}