{"id":2497,"date":"2026-03-19T22:25:31","date_gmt":"2026-03-19T21:25:31","guid":{"rendered":"https:\/\/strechabudejc.cz\/?post_type=product&#038;p=2497"},"modified":"2026-04-22T17:07:03","modified_gmt":"2026-04-22T15:07:03","slug":"chill-vibes","status":"publish","type":"product","link":"https:\/\/strechabudejc.cz\/de\/p\/chill-vibes\/","title":{"rendered":"Chill &#038; Vibes"},"content":{"rendered":"<p>Pohodov\u00fd ve\u010der na st\u0159e\u0161e s j\u00eddlem, proseccem a skv\u011blou atmosf\u00e9rou.<\/p>\n<h2 data-section-id=\"fshv5v\" data-start=\"278\" data-end=\"336\">POHODOV\u00dd ROOFTOP VE\u010cER S PROSECCEM, J\u00cdDLEM A ATMOSF\u00c9ROU<\/h2>\n<p data-start=\"338\" data-end=\"418\">\u017d\u00e1dn\u00fd stres.<br data-start=\"350\" data-end=\"353\" \/>\u017d\u00e1dn\u00e9 p\u0159epln\u011bn\u00e9 podniky.<br data-start=\"377\" data-end=\"380\" \/>Jen vy, dobr\u00e9 j\u00eddlo a klid nad m\u011bstem.<\/p>\n<h2 data-section-id=\"10fifc4\" data-start=\"425\" data-end=\"438\">CO T\u011a \u010cEK\u00c1<\/h2>\n<p data-start=\"440\" data-end=\"564\">P\u0159ijdete na p\u0159ipraven\u00e9 m\u00edsto jen pro v\u00e1s.<br data-start=\"481\" data-end=\"484\" \/>Soukrom\u00fd rooftop, v\u00fdhled na cel\u00e9 n\u00e1m\u011bst\u00ed a atmosf\u00e9ra, kter\u00e1 t\u011b okam\u017eit\u011b zpomal\u00ed.<\/p>\n<p data-start=\"566\" data-end=\"639\">Na stole \u010dek\u00e1 l\u00e1hev vychlazen\u00e9ho prosecca.<br data-start=\"608\" data-end=\"611\" \/>P\u0159ijdete a jen si p\u0159ipijete.<\/p>\n<p data-start=\"641\" data-end=\"716\">Sd\u00edlen\u00fd rooftop tal\u00ed\u0159 pln\u00fd dobrot.<br data-start=\"675\" data-end=\"678\" \/>Ide\u00e1ln\u00ed na pomal\u00e9 zob\u00e1n\u00ed b\u011bhem ve\u010dera.<\/p>\n<p data-start=\"718\" data-end=\"786\">V\u00fdb\u011br:<br \/>\nkvalitn\u00ed s\u00fdry<br data-start=\"738\" data-end=\"741\" \/>prosciutto<br data-start=\"751\" data-end=\"754\" \/>olivy<br data-start=\"759\" data-end=\"762\" \/>o\u0159\u00ed\u0161ky<br data-start=\"768\" data-end=\"771\" \/>\u010derstv\u00e9 ovoce<\/p>\n<p data-start=\"788\" data-end=\"847\">V\u0161echno nachystan\u00e9 tak, abyste si mohli sednout\u2026 a jen b\u00fdt.<\/p>\n<h2 data-section-id=\"11ew2mz\" data-start=\"854\" data-end=\"866\">TEN POCIT<\/h2>\n<p data-start=\"868\" data-end=\"907\">Sed\u00ed\u0161, pije\u0161, j\u00ed\u0161\u2026<br data-start=\"886\" data-end=\"889\" \/>a nikam nesp\u011bch\u00e1\u0161.<\/p>\n<p data-start=\"909\" data-end=\"945\">M\u011bsto pod tebou \u017eije.<br data-start=\"930\" data-end=\"933\" \/>Ty m\u00e1\u0161 klid.<\/p>\n<h2 data-section-id=\"gt0v74\" data-start=\"952\" data-end=\"974\">PRO\u010c TO ZA TO STOJ\u00cd<\/h2>\n<p data-start=\"976\" data-end=\"1050\">Nemus\u00edte \u0159e\u0161it rezervace v restaurac\u00edch.<br data-start=\"1016\" data-end=\"1019\" \/>Nemus\u00edte hledat m\u00edsto bez lid\u00ed.<\/p>\n<p data-start=\"1052\" data-end=\"1129\">M\u00e1te sv\u016fj prostor.<br data-start=\"1070\" data-end=\"1073\" \/>Sv\u016fj \u010das.<br data-start=\"1082\" data-end=\"1085\" \/>A ve\u010der, kter\u00fd plyne p\u0159esn\u011b tak, jak chcete.<\/p>\n<h2 data-section-id=\"1id6l8f\" data-start=\"1136\" data-end=\"1153\">PRO KOHO TO JE<\/h2>\n<p data-start=\"1155\" data-end=\"1257\">Pro rande bez tlaku<br data-start=\"1174\" data-end=\"1177\" \/>Pro klidn\u00fd ve\u010der s partnerem<br data-start=\"1205\" data-end=\"1208\" \/>Pro chv\u00edli, kdy chce\u0161 vypnout a u\u017e\u00edt si atmosf\u00e9ru<\/p>\n<h2 data-section-id=\"fdhzx1\" data-start=\"1264\" data-end=\"1281\">JAK TO PROB\u00cdH\u00c1<\/h2>\n<ol data-start=\"1283\" data-end=\"1361\">\n<li data-section-id=\"5c9xvd\" data-start=\"1283\" data-end=\"1303\">Vyberete term\u00edn<\/li>\n<li data-section-id=\"1fbsu9d\" data-start=\"1304\" data-end=\"1327\">Rezervujete online<\/li>\n<li data-section-id=\"t8iw7u\" data-start=\"1328\" data-end=\"1361\">P\u0159ijdete \u2192 v\u0161e je p\u0159ipraven\u00e9<\/li>\n<\/ol>\n<p data-start=\"0\" data-end=\"187\">\n<p data-start=\"0\" data-end=\"187\"><strong>Chill &amp; Vibes zahrnuje:<\/strong><\/p>\n<ul>\n<li>Soukrom\u00fd rooftop spot na 2 hodiny<\/li>\n<li>Eine Flasche Prosecco<\/li>\n<li>Sd\u00edlen\u00fd rooftop tal\u00ed\u0159 pln\u00fd dobrot<\/li>\n<\/ul>\n<p><strong>Na tal\u00ed\u0159i nap\u0159\u00edklad:<\/strong><\/p>\n<ul>\n<li>v\u00fdb\u011br s\u00fdr\u016f<\/li>\n<li>kvalitn\u00ed \u0161unka<\/li>\n<li>olivy<\/li>\n<li>mini bruschetty<\/li>\n<li>grissini s dipem<\/li>\n<li>\u010derstv\u00e9 pe\u010divo<\/li>\n<\/ul>\n<p><strong>Sladk\u00e1 te\u010dka:<\/strong><\/p>\n<ul>\n<li>dezert nebo tiramisu<\/li>\n<\/ul>\n<p>&nbsp;<\/p>\n<p>Cena bal\u00ed\u010dku plat\u00ed pro 2 osoby. Dal\u0161\u00ed osoba je za p\u0159\u00edplatek 1400 K\u010d a m\u016f\u017eete ji p\u0159idat ve formul\u00e1\u0159i n\u00ed\u017ee.<\/p>","protected":false},"excerpt":{"rendered":"<p>Ide\u00e1ln\u00ed pro dlouh\u00fd ve\u010der pln\u00fd pohody, j\u00eddla a dechberouc\u00edho v\u00fdhledu na m\u011bsto.<\/p>\n<p>&nbsp;<\/p>","protected":false},"featured_media":1749,"comment_status":"closed","ping_status":"closed","template":"","meta":{"_acf_changed":false},"product_brand":[],"product_cat":[17],"product_tag":[],"class_list":{"0":"post-2497","1":"product","2":"type-product","3":"status-publish","4":"has-post-thumbnail","6":"product_cat-rezervace","8":"first","9":"instock","10":"virtual","11":"sold-individually","12":"purchasable","13":"product-type-booking"},"booking_location":"","booking_location_type":"","booking_duration":2,"booking_duration_unit":"hour","booking_buffer":0,"booking_cost":1100,"booking_resources":[828],"exclude_global_add_ons":false,"addons":[{"name":"Chcete darovat z\u00e1\u017eitek?","type":"checkbox","position":6,"required":false,"title_format":"heading","default":"","description_enable":false,"description":"Chcete darovat z\u00e1\u017eitek?","placeholder_enable":false,"placeholder":"","display":"select","restrictions_type":"any_text","adjust_price":false,"price":"","price_type":"flat_fee","restrictions":false,"min":"0","max":"0","options":[{"label":"Objedn\u00e1v\u00e1m jako d\u00e1rek a chci zaslat d\u00e1rkov\u00fd poukaz","price":"","price_type":"flat_fee","image":0,"visibility":true}],"id":1773926785}],"acf":[],"_links":{"self":[{"href":"https:\/\/strechabudejc.cz\/de\/wp-json\/wp\/v2\/product\/2497","targetHints":{"allow":["GET"]}}],"collection":[{"href":"https:\/\/strechabudejc.cz\/de\/wp-json\/wp\/v2\/product"}],"about":[{"href":"https:\/\/strechabudejc.cz\/de\/wp-json\/wp\/v2\/types\/product"}],"replies":[{"embeddable":true,"href":"https:\/\/strechabudejc.cz\/de\/wp-json\/wp\/v2\/comments?post=2497"}],"wp:featuredmedia":[{"embeddable":true,"href":"https:\/\/strechabudejc.cz\/de\/wp-json\/wp\/v2\/media\/1749"}],"wp:attachment":[{"href":"https:\/\/strechabudejc.cz\/de\/wp-json\/wp\/v2\/media?parent=2497"}],"wp:term":[{"taxonomy":"product_brand","embeddable":true,"href":"https:\/\/strechabudejc.cz\/de\/wp-json\/wp\/v2\/product_brand?post=2497"},{"taxonomy":"product_cat","embeddable":true,"href":"https:\/\/strechabudejc.cz\/de\/wp-json\/wp\/v2\/product_cat?post=2497"},{"taxonomy":"product_tag","embeddable":true,"href":"https:\/\/strechabudejc.cz\/de\/wp-json\/wp\/v2\/product_tag?post=2497"}],"curies":[{"name":"wp","href":"https:\/\/api.w.org\/{rel}","templated":true}]}}