{"id":2495,"date":"2026-03-19T22:22:48","date_gmt":"2026-03-19T21:22:48","guid":{"rendered":"https:\/\/strechabudejc.cz\/?post_type=product&#038;p=2495"},"modified":"2026-03-20T00:44:19","modified_gmt":"2026-03-19T23:44:19","slug":"bubble-time","status":"publish","type":"product","link":"https:\/\/strechabudejc.cz\/de\/p\/bubble-time\/","title":{"rendered":"Bubble time"},"content":{"rendered":"<p>Lehk\u00e9 romantick\u00e9 rande na st\u0159e\u0161e s v\u00fdhledem na bud\u011bjovick\u00e9 n\u00e1m\u011bst\u00ed.<\/p>\n<p>Ide\u00e1ln\u00ed varianta, kdy\u017e nem\u00e1te moc \u010dasu nebo chcete u\u0161et\u0159it, ale p\u0159esto si chcete u\u017e\u00edt v\u00fdjime\u010dnou chv\u00edli ve dvou na jedine\u010dn\u00e9m m\u00edst\u011b.<\/p>\n<p><strong>Bubble Time zahrnuje:<\/strong><\/p>\n<ul>\n<li>Soukromou rezervaci rooftop m\u00edsta na 1 hodinu<\/li>\n<li>L\u00e1hev chlazen\u00e9ho prosecca<\/li>\n<li>Stylov\u00e9 skleni\u010dky<\/li>\n<li>Jemnou romantickou dekoraci (sv\u00ed\u010dky \/ sv\u011bt\u00fdlka)<\/li>\n<li>Kv\u011btinu na stole<\/li>\n<li>Bluetooth reproduktor \u2013 mo\u017enost pustit si vlastn\u00ed hudbu<\/li>\n<li>Spole\u010denskou hru pro p\u00e1ry<\/li>\n<\/ul>","protected":false},"excerpt":{"rendered":"<p>Perfektn\u00ed jako za\u010d\u00e1tek ve\u010dera p\u0159ed ve\u010de\u0159\u00ed ve m\u011bst\u011b.<\/p>\n<p>Cena bal\u00ed\u010dku plat\u00ed pro 2 osoby. Dal\u0161\u00ed osoba je za p\u0159\u00edplatek 900 K\u010d a m\u016f\u017eete ji p\u0159idat ve formul\u00e1\u0159i n\u00ed\u017ee.<\/p>","protected":false},"featured_media":2008,"comment_status":"closed","ping_status":"closed","template":"","meta":{"_acf_changed":false},"product_brand":[],"product_cat":[17],"product_tag":[],"class_list":{"0":"post-2495","1":"product","2":"type-product","3":"status-publish","4":"has-post-thumbnail","6":"product_cat-rezervace","8":"first","9":"instock","10":"featured","11":"virtual","12":"sold-individually","13":"purchasable","14":"product-type-booking"},"booking_location":"","booking_location_type":"","booking_duration":60,"booking_duration_unit":"minute","booking_buffer":0,"booking_cost":600,"booking_resources":[828],"exclude_global_add_ons":false,"addons":[{"name":"Chcete darovat z\u00e1\u017eitek?","type":"checkbox","position":6,"required":false,"title_format":"heading","default":"","description_enable":false,"description":"Chcete darovat z\u00e1\u017eitek?","placeholder_enable":false,"placeholder":"","display":"select","restrictions_type":"any_text","adjust_price":false,"price":"","price_type":"flat_fee","restrictions":false,"min":"0","max":"0","options":[{"label":"Objedn\u00e1v\u00e1m jako d\u00e1rek a chci zaslat d\u00e1rkov\u00fd poukaz","price":"","price_type":"flat_fee","image":0,"visibility":true}],"id":1773926785}],"acf":[],"_links":{"self":[{"href":"https:\/\/strechabudejc.cz\/de\/wp-json\/wp\/v2\/product\/2495","targetHints":{"allow":["GET"]}}],"collection":[{"href":"https:\/\/strechabudejc.cz\/de\/wp-json\/wp\/v2\/product"}],"about":[{"href":"https:\/\/strechabudejc.cz\/de\/wp-json\/wp\/v2\/types\/product"}],"replies":[{"embeddable":true,"href":"https:\/\/strechabudejc.cz\/de\/wp-json\/wp\/v2\/comments?post=2495"}],"wp:featuredmedia":[{"embeddable":true,"href":"https:\/\/strechabudejc.cz\/de\/wp-json\/wp\/v2\/media\/2008"}],"wp:attachment":[{"href":"https:\/\/strechabudejc.cz\/de\/wp-json\/wp\/v2\/media?parent=2495"}],"wp:term":[{"taxonomy":"product_brand","embeddable":true,"href":"https:\/\/strechabudejc.cz\/de\/wp-json\/wp\/v2\/product_brand?post=2495"},{"taxonomy":"product_cat","embeddable":true,"href":"https:\/\/strechabudejc.cz\/de\/wp-json\/wp\/v2\/product_cat?post=2495"},{"taxonomy":"product_tag","embeddable":true,"href":"https:\/\/strechabudejc.cz\/de\/wp-json\/wp\/v2\/product_tag?post=2495"}],"curies":[{"name":"wp","href":"https:\/\/api.w.org\/{rel}","templated":true}]}}