{"id":3,"date":"2023-11-09T21:08:36","date_gmt":"2023-11-09T21:08:36","guid":{"rendered":"https:\/\/strechabudejc.cz\/?page_id=3"},"modified":"2023-11-29T13:22:25","modified_gmt":"2023-11-29T12:22:25","slug":"schutz-der-privatsphare","status":"publish","type":"page","link":"https:\/\/strechabudejc.cz\/de\/schutz-der-privatsphare-2\/","title":{"rendered":"Datenschutzbestimmungen"},"content":{"rendered":"<h3>Datenschutzbestimmungen<\/h3>\n<p>Wir von Roof of Budejc sch\u00e4tzen Ihre Privatsph\u00e4re und verpflichten uns, die pers\u00f6nlichen Daten, die Sie uns bei der Nutzung unserer Website und Dienstleistungen anvertrauen, zu sch\u00fctzen.<\/p>\n<h4>Erhebung und Verwendung personenbezogener Daten<\/h4>\n<ul>\n<li><strong>Welche Daten wir sammeln:<\/strong> Wenn Sie auf unserer Website bestellen oder sich registrieren, werden Sie m\u00f6glicherweise aufgefordert, Ihren Namen, Ihre E-Mail-Adresse, Ihre Postanschrift oder Ihre Telefonnummer anzugeben.<\/li>\n<li><strong>Zweck der Datenerhebung:<\/strong> Wir verwenden Ihre Daten, um Transaktionen zu verarbeiten, Ihre Erfahrungen zu personalisieren und den Kundensupport zu verbessern.<\/li>\n<\/ul>\n<h4>Schutz Ihrer Informationen<\/h4>\n<ul>\n<li>Wir setzen verschiedene Sicherheitsma\u00dfnahmen ein, um die Sicherheit Ihrer pers\u00f6nlichen Daten zu gew\u00e4hrleisten.<\/li>\n<li>Ihre pers\u00f6nlichen Daten werden nicht an Dritte verkauft, getauscht oder anderweitig weitergegeben. Davon ausgenommen sind vertrauensw\u00fcrdige Dritte, die uns beim Betrieb unserer Website, bei der Durchf\u00fchrung unserer Gesch\u00e4fte oder bei der Betreuung unserer Kunden unterst\u00fctzen, sofern diese Parteien sich verpflichten, diese Informationen vertraulich zu behandeln.<\/li>\n<\/ul>\n<h4>Cookies<\/h4>\n<ul>\n<li>Unsere Website verwendet \"Cookies\", um den Zugang zu unserer Website zu verbessern und um wiederkehrende Besucher zu erkennen. Dar\u00fcber hinaus verbessern unsere Cookies die Nutzererfahrung, indem sie die Nutzer und ihre Interessen verfolgen und ansprechen.<\/li>\n<\/ul>\n<h4>Zustimmung<\/h4>\n<ul>\n<li>Durch die Nutzung unserer Website erkl\u00e4ren Sie sich mit unserer Datenschutzpolitik einverstanden.<\/li>\n<\/ul>\n<h4>\u00c4nderungen an unserer Datenschutzpolitik<\/h4>\n<ul>\n<li>Wenn wir uns entscheiden, unsere Datenschutzpolitik zu \u00e4ndern, werden wir diese \u00c4nderungen auf dieser Seite ver\u00f6ffentlichen.<\/li>\n<\/ul>\n<p>Sollten Sie Fragen oder Bedenken bez\u00fcglich des Datenschutzes haben, k\u00f6nnen Sie uns gerne unter simecek@strechabudejc.cz kontaktieren.<\/p>","protected":false},"excerpt":{"rendered":"<p>Ochrana soukrom\u00ed Na St\u0159e\u0161e Bud\u011bjc si v\u00e1\u017e\u00edme va\u0161eho soukrom\u00ed a zavazujeme se chr\u00e1nit osobn\u00ed \u00fadaje, kter\u00e9 n\u00e1m sv\u011b\u0159ujete p\u0159i pou\u017e\u00edv\u00e1n\u00ed na\u0161eho webu a slu\u017eeb. Shroma\u017e\u010fov\u00e1n\u00ed a Pou\u017e\u00edv\u00e1n\u00ed Osobn\u00edch \u00dadaj\u016f Jak\u00e9 \u00fadaje shroma\u017e\u010fujeme: P\u0159i objedn\u00e1vce nebo registraci na na\u0161em webu m\u016f\u017eete b\u00fdt po\u017e\u00e1d\u00e1ni o zad\u00e1n\u00ed jm\u00e9na, e-mailov\u00e9 adresy, po\u0161tovn\u00ed adresy nebo telefonn\u00edho \u010d\u00edsla. \u00da\u010del shroma\u017e\u010fov\u00e1n\u00ed \u00fadaj\u016f: [&hellip;]<\/p>\n","protected":false},"author":1,"featured_media":0,"parent":0,"menu_order":0,"comment_status":"closed","ping_status":"open","template":"","meta":{"_acf_changed":false,"footnotes":""},"class_list":["post-3","page","type-page","status-publish","hentry"],"acf":[],"_links":{"self":[{"href":"https:\/\/strechabudejc.cz\/de\/wp-json\/wp\/v2\/pages\/3","targetHints":{"allow":["GET"]}}],"collection":[{"href":"https:\/\/strechabudejc.cz\/de\/wp-json\/wp\/v2\/pages"}],"about":[{"href":"https:\/\/strechabudejc.cz\/de\/wp-json\/wp\/v2\/types\/page"}],"author":[{"embeddable":true,"href":"https:\/\/strechabudejc.cz\/de\/wp-json\/wp\/v2\/users\/1"}],"replies":[{"embeddable":true,"href":"https:\/\/strechabudejc.cz\/de\/wp-json\/wp\/v2\/comments?post=3"}],"version-history":[{"count":4,"href":"https:\/\/strechabudejc.cz\/de\/wp-json\/wp\/v2\/pages\/3\/revisions"}],"predecessor-version":[{"id":724,"href":"https:\/\/strechabudejc.cz\/de\/wp-json\/wp\/v2\/pages\/3\/revisions\/724"}],"wp:attachment":[{"href":"https:\/\/strechabudejc.cz\/de\/wp-json\/wp\/v2\/media?parent=3"}],"curies":[{"name":"wp","href":"https:\/\/api.w.org\/{rel}","templated":true}]}}