{"id":690,"date":"2023-11-27T15:24:55","date_gmt":"2023-11-27T14:24:55","guid":{"rendered":"https:\/\/strechabudejc.cz\/?page_id=690"},"modified":"2023-11-29T13:14:41","modified_gmt":"2023-11-29T12:14:41","slug":"relaciones-de-intercambio","status":"publish","type":"page","link":"http:\/\/strechabudejc.cz\/es\/relaciones-de-intercambio-2\/","title":{"rendered":"Condiciones generales"},"content":{"rendered":"<p>Jist\u011b, zde je n\u00e1vrh textu pro sekci &#8220;Obchodn\u00ed podm\u00ednky&#8221; pro v\u00e1\u0161 e-shop:<\/p>\n<hr \/>\n<h3>Obchodn\u00ed podm\u00ednky<\/h3>\n<p>V\u00edtejte v na\u0161em e-shopu. Tyto obchodn\u00ed podm\u00ednky jsou z\u00e1kladem pro n\u00e1kup a prodej produkt\u016f na na\u0161\u00ed webov\u00e9 str\u00e1nce. Pros\u00edme, p\u0159e\u010dt\u011bte si je pe\u010dliv\u011b p\u0159ed uskute\u010dn\u011bn\u00edm objedn\u00e1vky.<\/p>\n<h4>1. V\u0161eobecn\u00e9 ustanoven\u00ed<\/h4>\n<ul>\n<li>Tyto obchodn\u00ed podm\u00ednky plat\u00ed pro n\u00e1kup v internetov\u00e9m obchod\u011b [n\u00e1zev e-shopu].<\/li>\n<li>Podm\u00ednky up\u0159es\u0148uj\u00ed a upravuj\u00ed pr\u00e1va a povinnosti prod\u00e1vaj\u00edc\u00edho, kter\u00fdm je Date Company s.r.o. I\u010cO:02968363 a kupuj\u00edc\u00edho (z\u00e1kazn\u00edka).<\/li>\n<\/ul>\n<h4>2. Objedn\u00e1vka a uzav\u0159en\u00ed kupn\u00ed smlouvy<\/h4>\n<ul>\n<li>Objedn\u00e1vka vytvo\u0159en\u00e1 z\u00e1kazn\u00edkem je n\u00e1vrhem kupn\u00ed smlouvy. Kupn\u00ed smlouva je uzav\u0159ena a\u017e potvrzen\u00edm objedn\u00e1vky prod\u00e1vaj\u00edc\u00edm.<\/li>\n<li>Potvrzen\u00ed objedn\u00e1vky ze strany prod\u00e1vaj\u00edc\u00edho je realizov\u00e1no e-mailem.<\/li>\n<\/ul>\n<h4>3. Ceny a platby<\/h4>\n<ul>\n<li>Nejsme pl\u00e1tci DPH<\/li>\n<li>Platba je mo\u017en\u00e1 prost\u0159ednictv\u00edm online platebn\u00edch metod uveden\u00fdch na webu.<\/li>\n<\/ul>\n<h4>4. Dod\u00e1n\u00ed<\/h4>\n<ul>\n<li>Produkty budou doru\u010deny na adresu uvedenou z\u00e1kazn\u00edkem p\u0159i objedn\u00e1vce nebo online do emailu z\u00e1kazn\u00edka<\/li>\n<\/ul>\n<h4>5. Odstoupen\u00ed od smlouvy<\/h4>\n<ul>\n<li>Z\u00e1kazn\u00edk m\u00e1 pr\u00e1vo odstoupit od smlouvy bez ud\u00e1n\u00ed d\u016fvodu ve lh\u016ft\u011b 14 dn\u00ed od p\u0159evzet\u00ed zbo\u017e\u00ed.<\/li>\n<\/ul>\n<h4>6. Reklamace a vr\u00e1cen\u00ed zbo\u017e\u00ed<\/h4>\n<ul>\n<li>Postup reklamace a vr\u00e1cen\u00ed zbo\u017e\u00ed je specifikov\u00e1n v sekci &#8216;Reklamace a Vr\u00e1cen\u00ed Zbo\u017e\u00ed&#8217;.<\/li>\n<\/ul>\n<h4>7. Ochrana osobn\u00edch \u00fadaj\u016f<\/h4>\n<ul>\n<li>Z\u00e1kazn\u00edk souhlas\u00ed se zpracov\u00e1n\u00edm sv\u00fdch osobn\u00edch \u00fadaj\u016f pro \u00fa\u010dely realizace objedn\u00e1vky.<\/li>\n<li>Podrobn\u00e9 informace o ochran\u011b osobn\u00edch \u00fadaj\u016f jsou uvedeny v sekci &#8216;Ochrana osobn\u00edch \u00fadaj\u016f&#8217;.<\/li>\n<\/ul>\n<h4>8. Z\u00e1v\u011bre\u010dn\u00e1 ustanoven\u00ed<\/h4>\n<ul>\n<li>Na tyto obchodn\u00ed podm\u00ednky se vztahuje pr\u00e1vo \u010cesk\u00e9 republiky.<\/li>\n<li>V p\u0159\u00edpad\u011b spor\u016f se strany zavazuj\u00ed k \u0159e\u0161en\u00ed mimosoudn\u00ed cestou.<\/li>\n<\/ul>\n<p>Pro jak\u00e9koli dal\u0161\u00ed dotazy nebo informace pros\u00edm kontaktujte na\u0161i z\u00e1kaznickou podporu na simecek@strechabudejc.cz nebo telefonn\u00edm \u010d\u00edsle +420773299191<\/p>\n<p>D\u011bkujeme v\u00e1m za v\u00fdb\u011br na\u0161ich slu\u017eeb a t\u011b\u0161\u00edme se na va\u0161e objedn\u00e1vky.<\/p>\n","protected":false},"excerpt":{"rendered":"<p>Jist\u011b, zde je n\u00e1vrh textu pro sekci &#8220;Obchodn\u00ed podm\u00ednky&#8221; pro v\u00e1\u0161 e-shop: Obchodn\u00ed podm\u00ednky V\u00edtejte v na\u0161em e-shopu. Tyto obchodn\u00ed podm\u00ednky jsou z\u00e1kladem pro n\u00e1kup a prodej produkt\u016f na na\u0161\u00ed webov\u00e9 str\u00e1nce. Pros\u00edme, p\u0159e\u010dt\u011bte si je pe\u010dliv\u011b p\u0159ed uskute\u010dn\u011bn\u00edm objedn\u00e1vky. 1. V\u0161eobecn\u00e9 ustanoven\u00ed Tyto obchodn\u00ed podm\u00ednky plat\u00ed pro n\u00e1kup v internetov\u00e9m obchod\u011b [n\u00e1zev e-shopu]. Podm\u00ednky [&hellip;]<\/p>\n","protected":false},"author":1,"featured_media":0,"parent":0,"menu_order":0,"comment_status":"closed","ping_status":"closed","template":"","meta":{"_acf_changed":false,"footnotes":""},"class_list":["post-690","page","type-page","status-publish","hentry"],"acf":[],"_links":{"self":[{"href":"http:\/\/strechabudejc.cz\/es\/wp-json\/wp\/v2\/pages\/690","targetHints":{"allow":["GET"]}}],"collection":[{"href":"http:\/\/strechabudejc.cz\/es\/wp-json\/wp\/v2\/pages"}],"about":[{"href":"http:\/\/strechabudejc.cz\/es\/wp-json\/wp\/v2\/types\/page"}],"author":[{"embeddable":true,"href":"http:\/\/strechabudejc.cz\/es\/wp-json\/wp\/v2\/users\/1"}],"replies":[{"embeddable":true,"href":"http:\/\/strechabudejc.cz\/es\/wp-json\/wp\/v2\/comments?post=690"}],"version-history":[{"count":4,"href":"http:\/\/strechabudejc.cz\/es\/wp-json\/wp\/v2\/pages\/690\/revisions"}],"predecessor-version":[{"id":723,"href":"http:\/\/strechabudejc.cz\/es\/wp-json\/wp\/v2\/pages\/690\/revisions\/723"}],"wp:attachment":[{"href":"http:\/\/strechabudejc.cz\/es\/wp-json\/wp\/v2\/media?parent=690"}],"curies":[{"name":"wp","href":"https:\/\/api.w.org\/{rel}","templated":true}]}}